{"id":14652,"date":"2025-12-10T19:48:36","date_gmt":"2025-12-10T17:48:36","guid":{"rendered":"https:\/\/tea-shop.md\/product\/rooibos-verde-fructe-de-padure-rosii\/"},"modified":"2026-03-31T22:02:57","modified_gmt":"2026-03-31T19:02:57","slug":"rooibos-verde-fructe-de-padure-rosii","status":"publish","type":"product","link":"https:\/\/tea-shop.md\/ro\/produs\/rooibos-verde-fructe-de-padure-rosii\/","title":{"rendered":"Rooibos verde &#8222;Fructe de padure rosii&#8221;"},"content":{"rendered":"<p>Un amestec de rooibos verde, nepr\u0103jit, cu fructe de soc, coac\u0103ze negre, afine, coac\u0103ze ro\u0219ii \u0219i c\u0103p\u0219uni. B\u0103utura are un gust surprinz\u0103tor de bl\u00e2nd, armonios \u0219i o arom\u0103 suculent\u0103 de fructe de p\u0103dure. Are un efect tonifiant delicat, ajut\u0103 la ameliorarea tensiunii \u0219i a oboselii. Roibush are numeroase propriet\u0103\u021bi benefice, \u00eentruc\u00e2t africanii \u00eel foloseau ini\u021bial ca b\u0103utur\u0103 medicinal\u0103. Este recomandat \u00een caz de astm, eczeme, hipertensiune, diabet, afec\u021biuni ale tractului gastro-intestinal, afec\u021biuni hepatice, renale \u0219i altele.  <\/p>\n<p><strong>Rooibos nu con\u021bine cofein\u0103 \u0219i, \u00een acela\u0219i timp, este cel mai saturat dintre toate soiurile de ceai din punct de vedere al antioxidan\u021bilor. \u0218i datorit\u0103 acestui fapt, ceaiul rooibos poate fi b\u0103ut \u00een orice moment al zilei, precum \u0219i femeile \u00eens\u0103rcinate, persoanele care sufer\u0103 de tensiune arterial\u0103 ridicat\u0103 \u0219i sc\u0103zut\u0103 \u0219i cu boli de inim\u0103. <\/strong><\/p>\n<p>B\u0103utura are un gust surprinz\u0103tor de bl\u00e2nd, armonios \u0219i o arom\u0103 suculent\u0103 de fructe de p\u0103dure.<\/p>\n<p>Se toarn\u0103 1 linguri\u021b\u0103 de frunze de ceai \u00een ceainic. Se toarn\u0103 250 ml de ap\u0103 cald\u0103 95cc, insist\u0103 timp de 3-5 minute pentru a ob\u021bine o b\u0103utur\u0103 cu un gust delicat. <\/p>\n","protected":false},"excerpt":{"rendered":"<p>Un amestec de rooibos verde, nepr\u0103jit, cu fructe de soc, coac\u0103ze negre, afine, coac\u0103ze ro\u0219ii \u0219i c\u0103p\u0219uni. B\u0103utura are un<\/p>\n","protected":false},"featured_media":15116,"comment_status":"open","ping_status":"closed","template":"","meta":[],"product_brand":[],"product_cat":[349,351],"product_tag":[],"class_list":{"0":"post-14652","1":"product","2":"type-product","3":"status-publish","4":"has-post-thumbnail","6":"product_cat-etnicheskij-chaj","7":"product_cat-rojbush","9":"first","10":"instock","11":"shipping-taxable","12":"purchasable","13":"product-type-variable","14":"has-default-attributes"},"_links":{"self":[{"href":"https:\/\/tea-shop.md\/ro\/wp-json\/wp\/v2\/product\/14652","targetHints":{"allow":["GET"]}}],"collection":[{"href":"https:\/\/tea-shop.md\/ro\/wp-json\/wp\/v2\/product"}],"about":[{"href":"https:\/\/tea-shop.md\/ro\/wp-json\/wp\/v2\/types\/product"}],"replies":[{"embeddable":true,"href":"https:\/\/tea-shop.md\/ro\/wp-json\/wp\/v2\/comments?post=14652"}],"version-history":[{"count":1,"href":"https:\/\/tea-shop.md\/ro\/wp-json\/wp\/v2\/product\/14652\/revisions"}],"predecessor-version":[{"id":14950,"href":"https:\/\/tea-shop.md\/ro\/wp-json\/wp\/v2\/product\/14652\/revisions\/14950"}],"wp:featuredmedia":[{"embeddable":true,"href":"https:\/\/tea-shop.md\/ro\/wp-json\/wp\/v2\/media\/15116"}],"wp:attachment":[{"href":"https:\/\/tea-shop.md\/ro\/wp-json\/wp\/v2\/media?parent=14652"}],"wp:term":[{"taxonomy":"product_brand","embeddable":true,"href":"https:\/\/tea-shop.md\/ro\/wp-json\/wp\/v2\/product_brand?post=14652"},{"taxonomy":"product_cat","embeddable":true,"href":"https:\/\/tea-shop.md\/ro\/wp-json\/wp\/v2\/product_cat?post=14652"},{"taxonomy":"product_tag","embeddable":true,"href":"https:\/\/tea-shop.md\/ro\/wp-json\/wp\/v2\/product_tag?post=14652"}],"curies":[{"name":"wp","href":"https:\/\/api.w.org\/{rel}","templated":true}]}}