{"id":14659,"date":"2025-12-10T19:48:35","date_gmt":"2025-12-10T17:48:35","guid":{"rendered":"https:\/\/tea-shop.md\/product\/rooibos-prajit-fara-aditivi\/"},"modified":"2026-03-31T22:00:47","modified_gmt":"2026-03-31T19:00:47","slug":"rooibos-prajit-fara-aditivi","status":"publish","type":"product","link":"https:\/\/tea-shop.md\/ro\/produs\/rooibos-prajit-fara-aditivi\/","title":{"rendered":"Rooibos pr\u0103jit (f\u0103r\u0103 aditivi)"},"content":{"rendered":"<p>Aceast\u0103 b\u0103utur\u0103 etnic\u0103 a triburilor sud-africane este f\u0103cut\u0103 din frunzele \u0219i ramurile unui mic arbust rooibos cultivat \u00een Africa. Rooibos cre\u0219te exclusiv \u00een Africa de Sud \u2013 \u00een Mun\u021bii Cedar din sud-vest, l\u00e2ng\u0103 Cape Town. \u00cencerc\u0103rile de transplant de rooibos \u00een alte \u021b\u0103ri au fost f\u0103cute de mai multe ori, dar nici o singur\u0103 plant\u0103 nu a prins r\u0103d\u0103cini.  <\/p>\n<p>Rooibos trece printr-o procedur\u0103 de fermentare similar\u0103 cu modul \u00een care sunt procesate frunzele obi\u0219nuite de ceai. Este t\u0103iat, umezit \u0219i a\u0219ezat pe o suprafa\u021b\u0103 plan\u0103 pentru a se usca la o temperatur\u0103 de 25 de grade. Deoarece este t\u0103iat, elibereaz\u0103 suc, care interac\u021bioneaz\u0103 cu microorganismele din jur \u0219i oxigenul \u00een timpul procesului de uscare. Acest lucru creeaz\u0103 un nou compus care adaug\u0103 fructuozitate gustului \u0219i aromei b\u0103uturii.   <\/p>\n<p><strong>Rooibos con\u021bine o cantitate mare de aminoacizi, vitamine \u0219i minerale, prin urmare sus\u021bine organismul \u00een form\u0103 bun\u0103. Chiar mai valoros este rooibos datorit\u0103 absen\u021bei anumitor substan\u021be \u00een el, cum ar fi cofeina, fructoza \u0219i zaharoza. Poate fi b\u0103ut de femeile \u00eens\u0103rcinate, copiii mici \u0219i cei care sufer\u0103 de diabet, deoarece rooibos nu cre\u0219te nivelul zah\u0103rului din s\u00e2nge \u0219i nu provoac\u0103 insomnie.  <\/strong><\/p>\n<p>Infuzia are un gust fructat. Se caracterizeaz\u0103 prin bog\u0103\u021bie \u0219i dulcea\u021b\u0103 u\u0219oar\u0103. Notele erbacee, lemnoase \u0219i fructate sunt adesea eviden\u021biate.  <\/p>\n<p>Se toarn\u0103 1 linguri\u021b\u0103 de frunze de ceai \u00een ceainic. Se toarn\u0103 250 ml de ap\u0103 cald\u0103 95cc, insist\u0103 timp de 3-5 minute pentru a ob\u021bine o b\u0103utur\u0103 cu un gust delicat. <\/p>\n<p>B\u0103utura poate fi b\u0103ut\u0103 at\u00e2t fierbinte, c\u00e2t \u0219i r\u0103cit\u0103. C\u00e2nd este rece, rooibos se transform\u0103 \u00eentr-un ceai r\u0103coritor de ghea\u021b\u0103 de var\u0103, mai ales dac\u0103 ad\u0103uga\u021bi pu\u021bin\u0103 portocal\u0103, ment\u0103 sau scor\u021bi\u0219oar\u0103. <\/p>\n","protected":false},"excerpt":{"rendered":"<p>Aceast\u0103 b\u0103utur\u0103 etnic\u0103 a triburilor sud-africane este f\u0103cut\u0103 din frunzele \u0219i ramurile unui mic arbust rooibos cultivat \u00een Africa. Rooibos<\/p>\n","protected":false},"featured_media":13467,"comment_status":"open","ping_status":"closed","template":"","meta":[],"product_brand":[],"product_cat":[349,351],"product_tag":[],"class_list":{"0":"post-14659","1":"product","2":"type-product","3":"status-publish","4":"has-post-thumbnail","6":"product_cat-etnicheskij-chaj","7":"product_cat-rojbush","9":"first","10":"instock","11":"shipping-taxable","12":"purchasable","13":"product-type-variable","14":"has-default-attributes"},"_links":{"self":[{"href":"https:\/\/tea-shop.md\/ro\/wp-json\/wp\/v2\/product\/14659","targetHints":{"allow":["GET"]}}],"collection":[{"href":"https:\/\/tea-shop.md\/ro\/wp-json\/wp\/v2\/product"}],"about":[{"href":"https:\/\/tea-shop.md\/ro\/wp-json\/wp\/v2\/types\/product"}],"replies":[{"embeddable":true,"href":"https:\/\/tea-shop.md\/ro\/wp-json\/wp\/v2\/comments?post=14659"}],"version-history":[{"count":1,"href":"https:\/\/tea-shop.md\/ro\/wp-json\/wp\/v2\/product\/14659\/revisions"}],"predecessor-version":[{"id":14948,"href":"https:\/\/tea-shop.md\/ro\/wp-json\/wp\/v2\/product\/14659\/revisions\/14948"}],"wp:featuredmedia":[{"embeddable":true,"href":"https:\/\/tea-shop.md\/ro\/wp-json\/wp\/v2\/media\/13467"}],"wp:attachment":[{"href":"https:\/\/tea-shop.md\/ro\/wp-json\/wp\/v2\/media?parent=14659"}],"wp:term":[{"taxonomy":"product_brand","embeddable":true,"href":"https:\/\/tea-shop.md\/ro\/wp-json\/wp\/v2\/product_brand?post=14659"},{"taxonomy":"product_cat","embeddable":true,"href":"https:\/\/tea-shop.md\/ro\/wp-json\/wp\/v2\/product_cat?post=14659"},{"taxonomy":"product_tag","embeddable":true,"href":"https:\/\/tea-shop.md\/ro\/wp-json\/wp\/v2\/product_tag?post=14659"}],"curies":[{"name":"wp","href":"https:\/\/api.w.org\/{rel}","templated":true}]}}