{"id":14664,"date":"2025-12-10T19:48:36","date_gmt":"2025-12-10T17:48:36","guid":{"rendered":"https:\/\/tea-shop.md\/product\/rooibos-verde-fara-aditivi\/"},"modified":"2026-03-31T22:01:51","modified_gmt":"2026-03-31T19:01:51","slug":"rooibos-verde-fara-aditivi","status":"publish","type":"product","link":"https:\/\/tea-shop.md\/ro\/produs\/rooibos-verde-fara-aditivi\/","title":{"rendered":"Rooibos verde (f\u0103r\u0103 aditivi)"},"content":{"rendered":"<p>Un amestec de frunze \u0219i tulpini ale plantei rooibos arbustive din Africa de Sud.<\/p>\n<p>Rooibos verde este un tip nefermentat de rooibos, o infuzie din plante f\u0103cut\u0103 din frunzele arbustului Sud-African Aspalathus linearis. Rooibos cre\u0219te exclusiv \u00een Mun\u021bii Cedar din sud-vestul Africii de sud, l\u00e2ng\u0103 Cape Town. <\/p>\n<p>Rooibosul verde se ob\u021bine s\u0103rind peste etapa de fermentare-se usuc\u0103 imediat dup\u0103 recoltare. Acest lucru v\u0103 permite s\u0103 p\u0103stra\u021bi mai mul\u021bi antioxidan\u021bi. <\/p>\n<p>Rooibos con\u021bine mai mult de 50 de substan\u021be utile, inclusiv antioxidan\u021bi, oligoelemente, flavonoide \u0219i acizi organici. Una dintre componentele principale este aspalatina, care ajut\u0103 la reglarea nivelului de zah\u0103r din s\u00e2nge prin cre\u0219terea sensibilit\u0103\u021bii celulelor la insulin\u0103. Prin urmare, rooibos este recomandat persoanelor cu tulbur\u0103ri metabolice sau predispozi\u021bie la diabet de tip 2.  <\/p>\n<p><strong>Rooibos nu con\u021bine cofein\u0103 \u0219i, \u00een acela\u0219i timp, este cel mai saturat dintre toate soiurile de ceai din punct de vedere al antioxidan\u021bilor. \u0218i datorit\u0103 acestui fapt, ceaiul rooibos poate fi b\u0103ut \u00een orice moment al zilei, precum \u0219i femeile \u00eens\u0103rcinate, persoanele care sufer\u0103 de tensiune arterial\u0103 ridicat\u0103 \u0219i sc\u0103zut\u0103 \u0219i cu boli de inim\u0103. <\/strong><\/p>\n<p>Infuzia preparat\u0103 de culoare deschis\u0103 are o arom\u0103 \u0219i un gust pl\u0103cut pe baz\u0103 de plante.<\/p>\n<p>Se toarn\u0103 1 linguri\u021b\u0103 de frunze de ceai \u00een ceainic. Se toarn\u0103 250 ml de ap\u0103 cald\u0103 95cc, insist\u0103 timp de 3-5 minute pentru a ob\u021bine o b\u0103utur\u0103 cu un gust delicat. <\/p>\n","protected":false},"excerpt":{"rendered":"<p>Un amestec de frunze \u0219i tulpini ale plantei rooibos arbustive din Africa de Sud. Rooibos verde este un tip nefermentat<\/p>\n","protected":false},"featured_media":13471,"comment_status":"open","ping_status":"closed","template":"","meta":[],"product_brand":[],"product_cat":[349,351],"product_tag":[],"class_list":{"0":"post-14664","1":"product","2":"type-product","3":"status-publish","4":"has-post-thumbnail","6":"product_cat-etnicheskij-chaj","7":"product_cat-rojbush","9":"first","10":"instock","11":"shipping-taxable","12":"purchasable","13":"product-type-variable","14":"has-default-attributes"},"_links":{"self":[{"href":"https:\/\/tea-shop.md\/ro\/wp-json\/wp\/v2\/product\/14664","targetHints":{"allow":["GET"]}}],"collection":[{"href":"https:\/\/tea-shop.md\/ro\/wp-json\/wp\/v2\/product"}],"about":[{"href":"https:\/\/tea-shop.md\/ro\/wp-json\/wp\/v2\/types\/product"}],"replies":[{"embeddable":true,"href":"https:\/\/tea-shop.md\/ro\/wp-json\/wp\/v2\/comments?post=14664"}],"version-history":[{"count":1,"href":"https:\/\/tea-shop.md\/ro\/wp-json\/wp\/v2\/product\/14664\/revisions"}],"predecessor-version":[{"id":14949,"href":"https:\/\/tea-shop.md\/ro\/wp-json\/wp\/v2\/product\/14664\/revisions\/14949"}],"wp:featuredmedia":[{"embeddable":true,"href":"https:\/\/tea-shop.md\/ro\/wp-json\/wp\/v2\/media\/13471"}],"wp:attachment":[{"href":"https:\/\/tea-shop.md\/ro\/wp-json\/wp\/v2\/media?parent=14664"}],"wp:term":[{"taxonomy":"product_brand","embeddable":true,"href":"https:\/\/tea-shop.md\/ro\/wp-json\/wp\/v2\/product_brand?post=14664"},{"taxonomy":"product_cat","embeddable":true,"href":"https:\/\/tea-shop.md\/ro\/wp-json\/wp\/v2\/product_cat?post=14664"},{"taxonomy":"product_tag","embeddable":true,"href":"https:\/\/tea-shop.md\/ro\/wp-json\/wp\/v2\/product_tag?post=14664"}],"curies":[{"name":"wp","href":"https:\/\/api.w.org\/{rel}","templated":true}]}}