{"id":14677,"date":"2025-12-10T19:48:33","date_gmt":"2025-12-10T17:48:33","guid":{"rendered":"https:\/\/tea-shop.md\/product\/rooibos-limonetto\/"},"modified":"2026-03-31T21:53:26","modified_gmt":"2026-03-31T18:53:26","slug":"rooibos-limonetto","status":"publish","type":"product","link":"https:\/\/tea-shop.md\/ro\/produs\/rooibos-limonetto\/","title":{"rendered":"Rooibos limonetto"},"content":{"rendered":"<p style=\"margin: 0cm; margin-bottom: .0001pt; text-align: justify; text-indent: 7.1pt;\"><span style=\"font-size: 10.0pt;\">Un amestec de frunze \u0219i tulpini ale unei plante rooibos arbustive originare din Africa de sud, cu flori de l\u0103m\u00e2ie \u0219i floarea de porumb. Infuzia preparat\u0103 are o arom\u0103 de l\u0103m\u00e2ie de neegalat \u0219i un gust r\u0103coritor. <\/span><\/p>\n<p><strong>Rooibos con\u021bine o cantitate mare de aminoacizi, vitamine \u0219i minerale, prin urmare sus\u021bine organismul \u00een form\u0103 bun\u0103. Chiar mai valoros este rooibos datorit\u0103 absen\u021bei anumitor substan\u021be \u00een el, cum ar fi cofeina, fructoza \u0219i zaharoza. Poate fi b\u0103ut de femeile \u00eens\u0103rcinate, copiii mici \u0219i cei care sufer\u0103 de diabet, deoarece rooibos nu cre\u0219te nivelul zah\u0103rului din s\u00e2nge \u0219i nu provoac\u0103 insomnie.  <\/strong><\/p>\n<p>Se toarn\u0103 1 linguri\u021b\u0103 de frunze de ceai \u00een ceainic. Se toarn\u0103 250 ml de ap\u0103 cald\u0103 95cc, insist\u0103 timp de 3-5 minute pentru a ob\u021bine o b\u0103utur\u0103 cu un gust delicat. <\/p>\n<p>&nbsp;<\/p>\n","protected":false},"excerpt":{"rendered":"<p>Un amestec de frunze \u0219i tulpini ale unei plante rooibos arbustive originare din Africa de sud, cu flori de l\u0103m\u00e2ie<\/p>\n","protected":false},"featured_media":13463,"comment_status":"open","ping_status":"closed","template":"","meta":[],"product_brand":[],"product_cat":[349,351],"product_tag":[],"class_list":{"0":"post-14677","1":"product","2":"type-product","3":"status-publish","4":"has-post-thumbnail","6":"product_cat-etnicheskij-chaj","7":"product_cat-rojbush","9":"first","10":"instock","11":"shipping-taxable","12":"purchasable","13":"product-type-variable","14":"has-default-attributes"},"_links":{"self":[{"href":"https:\/\/tea-shop.md\/ro\/wp-json\/wp\/v2\/product\/14677","targetHints":{"allow":["GET"]}}],"collection":[{"href":"https:\/\/tea-shop.md\/ro\/wp-json\/wp\/v2\/product"}],"about":[{"href":"https:\/\/tea-shop.md\/ro\/wp-json\/wp\/v2\/types\/product"}],"replies":[{"embeddable":true,"href":"https:\/\/tea-shop.md\/ro\/wp-json\/wp\/v2\/comments?post=14677"}],"version-history":[{"count":1,"href":"https:\/\/tea-shop.md\/ro\/wp-json\/wp\/v2\/product\/14677\/revisions"}],"predecessor-version":[{"id":14940,"href":"https:\/\/tea-shop.md\/ro\/wp-json\/wp\/v2\/product\/14677\/revisions\/14940"}],"wp:featuredmedia":[{"embeddable":true,"href":"https:\/\/tea-shop.md\/ro\/wp-json\/wp\/v2\/media\/13463"}],"wp:attachment":[{"href":"https:\/\/tea-shop.md\/ro\/wp-json\/wp\/v2\/media?parent=14677"}],"wp:term":[{"taxonomy":"product_brand","embeddable":true,"href":"https:\/\/tea-shop.md\/ro\/wp-json\/wp\/v2\/product_brand?post=14677"},{"taxonomy":"product_cat","embeddable":true,"href":"https:\/\/tea-shop.md\/ro\/wp-json\/wp\/v2\/product_cat?post=14677"},{"taxonomy":"product_tag","embeddable":true,"href":"https:\/\/tea-shop.md\/ro\/wp-json\/wp\/v2\/product_tag?post=14677"}],"curies":[{"name":"wp","href":"https:\/\/api.w.org\/{rel}","templated":true}]}}