{"id":14683,"date":"2025-12-10T19:48:34","date_gmt":"2025-12-10T17:48:34","guid":{"rendered":"https:\/\/tea-shop.md\/product\/caramel-de-rooibos\/"},"modified":"2026-03-31T21:55:39","modified_gmt":"2026-03-31T18:55:39","slug":"caramel-de-rooibos","status":"publish","type":"product","link":"https:\/\/tea-shop.md\/ro\/produs\/caramel-de-rooibos\/","title":{"rendered":"Caramel de Rooibos"},"content":{"rendered":"<p>Un amestec de frunze \u0219i tulpini ale unei plante rooibos arbustive originare din Africa de sud, cu buc\u0103\u021bi de caramel.<\/p>\n<p>Rooibos trece printr-o procedur\u0103 de fermentare similar\u0103 cu modul \u00een care sunt procesate frunzele obi\u0219nuite de ceai. Este t\u0103iat, umezit \u0219i a\u0219ezat pe o suprafa\u021b\u0103 plan\u0103 pentru a se usca la o temperatur\u0103 de 25 de grade. Deoarece este t\u0103iat, elibereaz\u0103 suc, care interac\u021bioneaz\u0103 cu microorganismele din jur \u0219i oxigenul \u00een timpul procesului de uscare. Acest lucru creeaz\u0103 un nou compus care adaug\u0103 fructuozitate gustului \u0219i aromei b\u0103uturii.   <\/p>\n<p><strong>Rooibos con\u021bine o cantitate mare de aminoacizi, vitamine \u0219i minerale, prin urmare sus\u021bine organismul \u00een form\u0103 bun\u0103. Chiar mai valoros este rooibos datorit\u0103 absen\u021bei anumitor substan\u021be \u00een el, cum ar fi cofeina, fructoza \u0219i zaharoza. Poate fi b\u0103ut de femeile \u00eens\u0103rcinate, copiii mici \u0219i cei care sufer\u0103 de diabet, deoarece rooibos nu cre\u0219te nivelul zah\u0103rului din s\u00e2nge \u0219i nu provoac\u0103 insomnie.  <\/strong><\/p>\n<p>Infuzia are o arom\u0103 dulce de caramel-crem\u0103.<\/p>\n<p>Se toarn\u0103 1 linguri\u021b\u0103 de frunze de ceai \u00een ceainic. Se toarn\u0103 250 ml de ap\u0103 cald\u0103 95cc, insist\u0103 timp de 3-5 minute pentru a ob\u021bine o b\u0103utur\u0103 cu un gust delicat. <\/p>\n","protected":false},"excerpt":{"rendered":"<p>Un amestec de frunze \u0219i tulpini ale unei plante rooibos arbustive originare din Africa de sud, cu buc\u0103\u021bi de caramel.<\/p>\n","protected":false},"featured_media":14670,"comment_status":"open","ping_status":"closed","template":"","meta":[],"product_brand":[],"product_cat":[349,351],"product_tag":[],"class_list":{"0":"post-14683","1":"product","2":"type-product","3":"status-publish","4":"has-post-thumbnail","6":"product_cat-etnicheskij-chaj","7":"product_cat-rojbush","9":"first","10":"instock","11":"shipping-taxable","12":"purchasable","13":"product-type-variable","14":"has-default-attributes"},"_links":{"self":[{"href":"https:\/\/tea-shop.md\/ro\/wp-json\/wp\/v2\/product\/14683","targetHints":{"allow":["GET"]}}],"collection":[{"href":"https:\/\/tea-shop.md\/ro\/wp-json\/wp\/v2\/product"}],"about":[{"href":"https:\/\/tea-shop.md\/ro\/wp-json\/wp\/v2\/types\/product"}],"replies":[{"embeddable":true,"href":"https:\/\/tea-shop.md\/ro\/wp-json\/wp\/v2\/comments?post=14683"}],"version-history":[{"count":1,"href":"https:\/\/tea-shop.md\/ro\/wp-json\/wp\/v2\/product\/14683\/revisions"}],"predecessor-version":[{"id":14942,"href":"https:\/\/tea-shop.md\/ro\/wp-json\/wp\/v2\/product\/14683\/revisions\/14942"}],"wp:featuredmedia":[{"embeddable":true,"href":"https:\/\/tea-shop.md\/ro\/wp-json\/wp\/v2\/media\/14670"}],"wp:attachment":[{"href":"https:\/\/tea-shop.md\/ro\/wp-json\/wp\/v2\/media?parent=14683"}],"wp:term":[{"taxonomy":"product_brand","embeddable":true,"href":"https:\/\/tea-shop.md\/ro\/wp-json\/wp\/v2\/product_brand?post=14683"},{"taxonomy":"product_cat","embeddable":true,"href":"https:\/\/tea-shop.md\/ro\/wp-json\/wp\/v2\/product_cat?post=14683"},{"taxonomy":"product_tag","embeddable":true,"href":"https:\/\/tea-shop.md\/ro\/wp-json\/wp\/v2\/product_tag?post=14683"}],"curies":[{"name":"wp","href":"https:\/\/api.w.org\/{rel}","templated":true}]}}