{"id":14689,"date":"2025-12-10T19:48:32","date_gmt":"2025-12-10T17:48:32","guid":{"rendered":"https:\/\/tea-shop.md\/product\/ciocolata-rooibos\/"},"modified":"2026-03-31T21:52:52","modified_gmt":"2026-03-31T18:52:52","slug":"ciocolata-rooibos","status":"publish","type":"product","link":"https:\/\/tea-shop.md\/ro\/produs\/ciocolata-rooibos\/","title":{"rendered":"Ciocolata Rooibos"},"content":{"rendered":"<p>Rooibos cu buc\u0103\u021bi de ciocolat\u0103, frunze de c\u0103p\u0219uni, afine \u0219i petale albe de floarea de porumb.<\/p>\n<p>Este bogat \u00een hormonul fericirii, stimuleaz\u0103 activitatea celulelor creierului, tonific\u0103 sistemul nervos \u0219i \u00eembun\u0103t\u0103\u021be\u0219te digestia.<\/p>\n<p><strong>Rooibos con\u021bine o cantitate mare de aminoacizi, vitamine \u0219i minerale, prin urmare sus\u021bine organismul \u00een form\u0103 bun\u0103. Chiar mai valoros este rooibos datorit\u0103 absen\u021bei anumitor substan\u021be \u00een el, cum ar fi cofeina, fructoza \u0219i zaharoza. Poate fi b\u0103ut de femeile \u00eens\u0103rcinate, copiii mici \u0219i cei care sufer\u0103 de diabet, deoarece rooibos nu cre\u0219te nivelul zah\u0103rului din s\u00e2nge \u0219i nu provoac\u0103 insomnie.  <\/strong><\/p>\n<p>O infuzie cu o arom\u0103 bogat\u0103 de ciocolat\u0103 de cire\u0219e, un gust delicat cremos \u0219i arom\u0103 de cire\u0219e.<\/p>\n<p>Se toarn\u0103 1 linguri\u021b\u0103 de frunze de ceai \u00een ceainic. Se toarn\u0103 250 ml de ap\u0103 cald\u0103 95cc, insist\u0103 timp de 3-5 minute pentru a ob\u021bine o b\u0103utur\u0103 cu un gust delicat. <\/p>\n","protected":false},"excerpt":{"rendered":"<p>Rooibos cu buc\u0103\u021bi de ciocolat\u0103, frunze de c\u0103p\u0219uni, afine \u0219i petale albe de floarea de porumb. Este bogat \u00een hormonul<\/p>\n","protected":false},"featured_media":13469,"comment_status":"open","ping_status":"closed","template":"","meta":[],"product_brand":[],"product_cat":[349,351],"product_tag":[],"class_list":{"0":"post-14689","1":"product","2":"type-product","3":"status-publish","4":"has-post-thumbnail","6":"product_cat-etnicheskij-chaj","7":"product_cat-rojbush","9":"first","10":"instock","11":"shipping-taxable","12":"purchasable","13":"product-type-variable","14":"has-default-attributes"},"_links":{"self":[{"href":"https:\/\/tea-shop.md\/ro\/wp-json\/wp\/v2\/product\/14689","targetHints":{"allow":["GET"]}}],"collection":[{"href":"https:\/\/tea-shop.md\/ro\/wp-json\/wp\/v2\/product"}],"about":[{"href":"https:\/\/tea-shop.md\/ro\/wp-json\/wp\/v2\/types\/product"}],"replies":[{"embeddable":true,"href":"https:\/\/tea-shop.md\/ro\/wp-json\/wp\/v2\/comments?post=14689"}],"version-history":[{"count":1,"href":"https:\/\/tea-shop.md\/ro\/wp-json\/wp\/v2\/product\/14689\/revisions"}],"predecessor-version":[{"id":14939,"href":"https:\/\/tea-shop.md\/ro\/wp-json\/wp\/v2\/product\/14689\/revisions\/14939"}],"wp:featuredmedia":[{"embeddable":true,"href":"https:\/\/tea-shop.md\/ro\/wp-json\/wp\/v2\/media\/13469"}],"wp:attachment":[{"href":"https:\/\/tea-shop.md\/ro\/wp-json\/wp\/v2\/media?parent=14689"}],"wp:term":[{"taxonomy":"product_brand","embeddable":true,"href":"https:\/\/tea-shop.md\/ro\/wp-json\/wp\/v2\/product_brand?post=14689"},{"taxonomy":"product_cat","embeddable":true,"href":"https:\/\/tea-shop.md\/ro\/wp-json\/wp\/v2\/product_cat?post=14689"},{"taxonomy":"product_tag","embeddable":true,"href":"https:\/\/tea-shop.md\/ro\/wp-json\/wp\/v2\/product_tag?post=14689"}],"curies":[{"name":"wp","href":"https:\/\/api.w.org\/{rel}","templated":true}]}}