{"id":14696,"date":"2025-12-09T21:59:37","date_gmt":"2025-12-09T19:59:37","guid":{"rendered":"https:\/\/tea-shop.md\/product\/mate-el-fuego-menta-limon-500-gr\/"},"modified":"2026-04-07T11:40:31","modified_gmt":"2026-04-07T08:40:31","slug":"mate-el-fuego-menta-limon-500-gr","status":"publish","type":"product","link":"https:\/\/tea-shop.md\/ro\/produs\/mate-el-fuego-menta-limon-500-gr\/","title":{"rendered":"Mate el fuego Menta Limon 500 gr"},"content":{"rendered":"<p>El fuego Menta Limon este un amestec r\u0103coritor de mate Paraguayan clasic, foarte afumat \u0219i intens aromat, cu ment\u0103 \u0219i l\u0103m\u00e2ie.<\/p>\n<p>Aceast\u0103 compozi\u021bie con\u021bine numai aditivi naturali: lemongrass parfumat, gustul \u0219i aroma caracteristic\u0103 a mentei, boldo expresiv, coaja de l\u0103m\u00e2ie u\u0219or tart\u0103 \u0219i verbena citric\u0103 r\u0103coritoare, dar foarte gustoas\u0103. Acest amestec este perfect at\u00e2t pentru versiunile calde, c\u00e2t \u0219i pentru cele reci. Nu este doar foarte stimulant, ci \u0219i minunat r\u0103coritor \u00een zilele caniculare!  <\/p>\n<p>El Fuego este creat pe o planta\u021bie de prestigiu din departamentul Itapua, situat \u00een sudul Paraguayului. Praf, intens, amar, cu note puternice, fumurii \u00een gust \u0219i arom\u0103. Acesta este un ceai tipic Paraguayan cu un efect tonic puternic, care va \u00eenc\u00e2nta gurmanzii \u0219i iubitorii de mate experimenta\u021bi, care sunt familiariza\u021bi cu gustul partenerului real \u0219i care caut\u0103 un produs de \u00eenalt\u0103 calitate.  <\/p>\n<p>Holly Paraguayan este supus unei metode tradi\u021bionale de produc\u021bie numit\u0103 barbaqua, care implic\u0103 uscarea cu foc \u0219i fum fierbinte, apoi se maturizeaz\u0103 timp de 2 ani, c\u00e2\u0219tig\u00e2nd putere. Fiecare \u00eenghi\u021bitur\u0103 de Mate El fuego stimuleaz\u0103 \u0219i ofer\u0103 mult\u0103 energie. <\/p>\n<p>Yerba mate El Fuego este o surs\u0103 de cofein\u0103 natural\u0103 \u00een versiunea clasic\u0103 paraguayan\u0103. Amar la gust \u0219i fum \u00een arom\u0103, unul dintre cele mai interesante mate de pe pia\u021b\u0103! F\u0103r\u0103 aditivi inutili \u0219i arome artificiale. Con\u021bine numai ingrediente de origine natural\u0103.   <\/p>\n<p>Ingrediente: 78,44% mate, cu be\u021bi\u0219oare \u0219i praf, 9,8% lemongrass, 5,9% ment\u0103, coaj\u0103 de l\u0103m\u00e2ie, verbena de l\u0103m\u00e2ie, boldo.<\/p>\n<p>Pachetul este de 500 de grame.<\/p>\n<p>Se toarn\u0103 10-15 grame de frunze de ceai \u00een ceainic. Se toarn\u0103 300 ml de ap\u0103 fierbinte 80 &#8211; 90cc, se las\u0103 timp de 3-5 minute pentru a ob\u021bine o b\u0103utur\u0103 cu un gust delicat. <\/p>\n","protected":false},"excerpt":{"rendered":"<p>El fuego Menta Limon este un amestec r\u0103coritor de mate Paraguayan clasic, foarte afumat \u0219i intens aromat, cu ment\u0103 \u0219i<\/p>\n","protected":false},"featured_media":12353,"comment_status":"open","ping_status":"closed","template":"","meta":[],"product_brand":[],"product_cat":[349,350],"product_tag":[],"class_list":{"0":"post-14696","1":"product","2":"type-product","3":"status-publish","4":"has-post-thumbnail","6":"product_cat-etnicheskij-chaj","7":"product_cat-mate","9":"first","10":"instock","11":"shipping-taxable","12":"purchasable","13":"product-type-simple"},"_links":{"self":[{"href":"https:\/\/tea-shop.md\/ro\/wp-json\/wp\/v2\/product\/14696","targetHints":{"allow":["GET"]}}],"collection":[{"href":"https:\/\/tea-shop.md\/ro\/wp-json\/wp\/v2\/product"}],"about":[{"href":"https:\/\/tea-shop.md\/ro\/wp-json\/wp\/v2\/types\/product"}],"replies":[{"embeddable":true,"href":"https:\/\/tea-shop.md\/ro\/wp-json\/wp\/v2\/comments?post=14696"}],"version-history":[{"count":1,"href":"https:\/\/tea-shop.md\/ro\/wp-json\/wp\/v2\/product\/14696\/revisions"}],"predecessor-version":[{"id":15042,"href":"https:\/\/tea-shop.md\/ro\/wp-json\/wp\/v2\/product\/14696\/revisions\/15042"}],"wp:featuredmedia":[{"embeddable":true,"href":"https:\/\/tea-shop.md\/ro\/wp-json\/wp\/v2\/media\/12353"}],"wp:attachment":[{"href":"https:\/\/tea-shop.md\/ro\/wp-json\/wp\/v2\/media?parent=14696"}],"wp:term":[{"taxonomy":"product_brand","embeddable":true,"href":"https:\/\/tea-shop.md\/ro\/wp-json\/wp\/v2\/product_brand?post=14696"},{"taxonomy":"product_cat","embeddable":true,"href":"https:\/\/tea-shop.md\/ro\/wp-json\/wp\/v2\/product_cat?post=14696"},{"taxonomy":"product_tag","embeddable":true,"href":"https:\/\/tea-shop.md\/ro\/wp-json\/wp\/v2\/product_tag?post=14696"}],"curies":[{"name":"wp","href":"https:\/\/api.w.org\/{rel}","templated":true}]}}