{"id":14697,"date":"2025-12-09T21:59:37","date_gmt":"2025-12-09T19:59:37","guid":{"rendered":"https:\/\/tea-shop.md\/product\/mate-verde-fara-aditivi\/"},"modified":"2026-03-31T19:34:44","modified_gmt":"2026-03-31T16:34:44","slug":"mate-verde-fara-aditivi","status":"publish","type":"product","link":"https:\/\/tea-shop.md\/ro\/produs\/mate-verde-fara-aditivi\/","title":{"rendered":"Mate verde (f\u0103r\u0103 aditivi)"},"content":{"rendered":"<p>O b\u0103utur\u0103 etnic\u0103 sud-american\u0103 const\u00e2nd din frunze zdrobite \u0219i uscate de holly Paraguayan. Green mate con\u021bine mai mult de 200 de componente utile, inclusiv alcaloizi (matein\u0103), oligoelemente (cupru, magneziu, sodiu, potasiu, fier, mangan, sulf), taninuri, acizi organici (r\u0103\u0219in\u0103, nicotinic, izobutiric), vitamine (A, C, E, B, P), aminoacizi \u0219i altele . <\/p>\n<p>Propriet\u0103\u021bi utile:<\/p>\n<ul>\n<li>Normalizeaz\u0103 metabolismul \u0219i suprim\u0103 foamea.<\/li>\n<li>Este folosit ca diuretic, promoveaz\u0103 pierderea activ\u0103 \u00een greutate.<\/li>\n<li>Are efect antihistaminic, reduce probabilitatea reac\u021biilor alergice.<\/li>\n<li>Concentreaz\u0103 aten\u021bia, stimuleaz\u0103 activitatea creierului.<\/li>\n<li>\u00cent\u0103re\u0219te pere\u021bii vaselor de s\u00e2nge (rutin\u0103), \u00eent\u0103re\u0219te sistemul imunitar (vitamina C).<\/li>\n<\/ul>\n<p>O b\u0103utur\u0103 cu gust dulce \u0219i acru.<\/p>\n<p>Se toarn\u0103 10-15 grame de frunze de ceai \u00een ceainic. Se toarn\u0103 300 ml de ap\u0103 fierbinte 80 &#8211; 90cc, se las\u0103 timp de 3-5 minute pentru a ob\u021bine o b\u0103utur\u0103 cu un gust delicat. <\/p>\n<p>&nbsp;<\/p>\n","protected":false},"excerpt":{"rendered":"<p>O b\u0103utur\u0103 etnic\u0103 sud-american\u0103 const\u00e2nd din frunze zdrobite \u0219i uscate de holly Paraguayan. Green mate con\u021bine mai mult de 200<\/p>\n","protected":false},"featured_media":14695,"comment_status":"open","ping_status":"closed","template":"","meta":[],"product_brand":[],"product_cat":[349,350],"product_tag":[],"class_list":{"0":"post-14697","1":"product","2":"type-product","3":"status-publish","4":"has-post-thumbnail","6":"product_cat-etnicheskij-chaj","7":"product_cat-mate","9":"first","10":"instock","11":"shipping-taxable","12":"purchasable","13":"product-type-variable","14":"has-default-attributes"},"_links":{"self":[{"href":"https:\/\/tea-shop.md\/ro\/wp-json\/wp\/v2\/product\/14697","targetHints":{"allow":["GET"]}}],"collection":[{"href":"https:\/\/tea-shop.md\/ro\/wp-json\/wp\/v2\/product"}],"about":[{"href":"https:\/\/tea-shop.md\/ro\/wp-json\/wp\/v2\/types\/product"}],"replies":[{"embeddable":true,"href":"https:\/\/tea-shop.md\/ro\/wp-json\/wp\/v2\/comments?post=14697"}],"version-history":[{"count":1,"href":"https:\/\/tea-shop.md\/ro\/wp-json\/wp\/v2\/product\/14697\/revisions"}],"predecessor-version":[{"id":14865,"href":"https:\/\/tea-shop.md\/ro\/wp-json\/wp\/v2\/product\/14697\/revisions\/14865"}],"wp:featuredmedia":[{"embeddable":true,"href":"https:\/\/tea-shop.md\/ro\/wp-json\/wp\/v2\/media\/14695"}],"wp:attachment":[{"href":"https:\/\/tea-shop.md\/ro\/wp-json\/wp\/v2\/media?parent=14697"}],"wp:term":[{"taxonomy":"product_brand","embeddable":true,"href":"https:\/\/tea-shop.md\/ro\/wp-json\/wp\/v2\/product_brand?post=14697"},{"taxonomy":"product_cat","embeddable":true,"href":"https:\/\/tea-shop.md\/ro\/wp-json\/wp\/v2\/product_cat?post=14697"},{"taxonomy":"product_tag","embeddable":true,"href":"https:\/\/tea-shop.md\/ro\/wp-json\/wp\/v2\/product_tag?post=14697"}],"curies":[{"name":"wp","href":"https:\/\/api.w.org\/{rel}","templated":true}]}}