{"id":14703,"date":"2025-12-09T21:59:36","date_gmt":"2025-12-09T19:59:36","guid":{"rendered":"https:\/\/tea-shop.md\/product\/mate-pipore-elaborada-con-palo-1-kg\/"},"modified":"2026-03-31T19:34:16","modified_gmt":"2026-03-31T16:34:16","slug":"mate-pipore-elaborada-con-palo-1-kg","status":"publish","type":"product","link":"https:\/\/tea-shop.md\/ro\/produs\/mate-pipore-elaborada-con-palo-1-kg\/","title":{"rendered":"Mate Pipore Elaborada Con Palo 1 kg"},"content":{"rendered":"<p>Yerba Mate Pipore Elaborada Con Palo \u00eentr-o pung\u0103 de p\u00e2nz\u0103 tonific\u0103 \u0219i \u00eent\u0103re\u0219te sistemul imunitar. Clasic. <\/p>\n<p>Metoda de asamblare spaniol\u0103.<\/p>\n<p>Mate de calitate superioar\u0103, proasp\u0103t culeas\u0103 din l\u0103starii tineri ai plantelor, afumat\u0103, maturat\u0103 timp de 2 ani \u00een planta\u021bii aflate sub protec\u021bie special\u0103, cu un postgust persistent \u0219i delicat.<\/p>\n<p>Se toarn\u0103 10-15 grame de frunze de ceai \u00een ceainic. Se toarn\u0103 300 ml de ap\u0103 fierbinte 80 &#8211; 90cc, se las\u0103 timp de 3-5 minute pentru a ob\u021bine o b\u0103utur\u0103 cu un gust delicat. <\/p>\n","protected":false},"excerpt":{"rendered":"<p>Yerba Mate Pipore Elaborada Con Palo \u00eentr-o pung\u0103 de p\u00e2nz\u0103 tonific\u0103 \u0219i \u00eent\u0103re\u0219te sistemul imunitar. Clasic. Metoda de asamblare spaniol\u0103.<\/p>\n","protected":false},"featured_media":12618,"comment_status":"open","ping_status":"closed","template":"","meta":[],"product_brand":[],"product_cat":[349,350],"product_tag":[],"class_list":{"0":"post-14703","1":"product","2":"type-product","3":"status-publish","4":"has-post-thumbnail","6":"product_cat-etnicheskij-chaj","7":"product_cat-mate","9":"first","10":"instock","11":"shipping-taxable","12":"purchasable","13":"product-type-simple"},"_links":{"self":[{"href":"https:\/\/tea-shop.md\/ro\/wp-json\/wp\/v2\/product\/14703","targetHints":{"allow":["GET"]}}],"collection":[{"href":"https:\/\/tea-shop.md\/ro\/wp-json\/wp\/v2\/product"}],"about":[{"href":"https:\/\/tea-shop.md\/ro\/wp-json\/wp\/v2\/types\/product"}],"replies":[{"embeddable":true,"href":"https:\/\/tea-shop.md\/ro\/wp-json\/wp\/v2\/comments?post=14703"}],"version-history":[{"count":1,"href":"https:\/\/tea-shop.md\/ro\/wp-json\/wp\/v2\/product\/14703\/revisions"}],"predecessor-version":[{"id":14864,"href":"https:\/\/tea-shop.md\/ro\/wp-json\/wp\/v2\/product\/14703\/revisions\/14864"}],"wp:featuredmedia":[{"embeddable":true,"href":"https:\/\/tea-shop.md\/ro\/wp-json\/wp\/v2\/media\/12618"}],"wp:attachment":[{"href":"https:\/\/tea-shop.md\/ro\/wp-json\/wp\/v2\/media?parent=14703"}],"wp:term":[{"taxonomy":"product_brand","embeddable":true,"href":"https:\/\/tea-shop.md\/ro\/wp-json\/wp\/v2\/product_brand?post=14703"},{"taxonomy":"product_cat","embeddable":true,"href":"https:\/\/tea-shop.md\/ro\/wp-json\/wp\/v2\/product_cat?post=14703"},{"taxonomy":"product_tag","embeddable":true,"href":"https:\/\/tea-shop.md\/ro\/wp-json\/wp\/v2\/product_tag?post=14703"}],"curies":[{"name":"wp","href":"https:\/\/api.w.org\/{rel}","templated":true}]}}