{"id":14704,"date":"2025-12-09T21:59:36","date_gmt":"2025-12-09T19:59:36","guid":{"rendered":"https:\/\/tea-shop.md\/product\/mate-pipore-seleccion-especial-1-kg\/"},"modified":"2026-03-31T19:33:23","modified_gmt":"2026-03-31T16:33:23","slug":"mate-pipore-seleccion-especial-1-kg","status":"publish","type":"product","link":"https:\/\/tea-shop.md\/ro\/produs\/mate-pipore-seleccion-especial-1-kg\/","title":{"rendered":"Mate Pipore seleccion especial 1 kg"},"content":{"rendered":"<p>Pipore Seleccion Espesial este o Yerba Argentinian\u0103 de m\u0103cinare tradi\u021bional\u0103: dimensiunea medie a frunzelor, cantitatea redus\u0103 de praf \u0219i con\u021binutul ridicat de crengi. Produc\u021bie controlat\u0103 cu aten\u021bie, compozi\u021bie \u0219i \u00eemb\u0103tr\u00e2nire \u00eendelungat\u0103 \u2013 de aceea Pipore SE are un gust minunat, bl\u00e2nd \u0219i dulce. <\/p>\n<p>Se toarn\u0103 10-15 grame de frunze de ceai \u00een ceainic. Se toarn\u0103 300 ml de ap\u0103 fierbinte 80 &#8211; 90cc, se las\u0103 timp de 3-5 minute pentru a ob\u021bine o b\u0103utur\u0103 cu un gust delicat. <\/p>\n","protected":false},"excerpt":{"rendered":"<p>Pipore Seleccion Espesial este o Yerba Argentinian\u0103 de m\u0103cinare tradi\u021bional\u0103: dimensiunea medie a frunzelor, cantitatea redus\u0103 de praf \u0219i con\u021binutul<\/p>\n","protected":false},"featured_media":12622,"comment_status":"open","ping_status":"closed","template":"","meta":[],"product_brand":[],"product_cat":[349,350],"product_tag":[],"class_list":{"0":"post-14704","1":"product","2":"type-product","3":"status-publish","4":"has-post-thumbnail","6":"product_cat-etnicheskij-chaj","7":"product_cat-mate","9":"first","10":"instock","11":"shipping-taxable","12":"purchasable","13":"product-type-simple"},"_links":{"self":[{"href":"https:\/\/tea-shop.md\/ro\/wp-json\/wp\/v2\/product\/14704","targetHints":{"allow":["GET"]}}],"collection":[{"href":"https:\/\/tea-shop.md\/ro\/wp-json\/wp\/v2\/product"}],"about":[{"href":"https:\/\/tea-shop.md\/ro\/wp-json\/wp\/v2\/types\/product"}],"replies":[{"embeddable":true,"href":"https:\/\/tea-shop.md\/ro\/wp-json\/wp\/v2\/comments?post=14704"}],"version-history":[{"count":1,"href":"https:\/\/tea-shop.md\/ro\/wp-json\/wp\/v2\/product\/14704\/revisions"}],"predecessor-version":[{"id":14863,"href":"https:\/\/tea-shop.md\/ro\/wp-json\/wp\/v2\/product\/14704\/revisions\/14863"}],"wp:featuredmedia":[{"embeddable":true,"href":"https:\/\/tea-shop.md\/ro\/wp-json\/wp\/v2\/media\/12622"}],"wp:attachment":[{"href":"https:\/\/tea-shop.md\/ro\/wp-json\/wp\/v2\/media?parent=14704"}],"wp:term":[{"taxonomy":"product_brand","embeddable":true,"href":"https:\/\/tea-shop.md\/ro\/wp-json\/wp\/v2\/product_brand?post=14704"},{"taxonomy":"product_cat","embeddable":true,"href":"https:\/\/tea-shop.md\/ro\/wp-json\/wp\/v2\/product_cat?post=14704"},{"taxonomy":"product_tag","embeddable":true,"href":"https:\/\/tea-shop.md\/ro\/wp-json\/wp\/v2\/product_tag?post=14704"}],"curies":[{"name":"wp","href":"https:\/\/api.w.org\/{rel}","templated":true}]}}