{"id":14722,"date":"2026-02-18T23:09:47","date_gmt":"2026-02-18T21:09:47","guid":{"rendered":"https:\/\/tea-shop.md\/product\/linguri-de-ceai\/"},"modified":"2026-02-18T23:09:47","modified_gmt":"2026-02-18T21:09:47","slug":"linguri-de-ceai","status":"publish","type":"product","link":"https:\/\/tea-shop.md\/ro\/produs\/linguri-de-ceai\/","title":{"rendered":"Linguri de ceai"},"content":{"rendered":"<p>O linguri\u021b\u0103 decorat\u0103 cu argil\u0103 polimeric\u0103 va fi un mic cadou minunat pentru orice vacan\u021b\u0103! O lingur\u0103 cu un decor frumos \u0219i original v\u0103 va \u00eenc\u00e2nta \u00een fiecare diminea\u021b\u0103. Aceast\u0103 lingur\u0103 poate fi folosit\u0103 ca lingur\u0103 pentru ceai, cafea, deserturi sau ca lingur\u0103 pentru bebelu\u0219i.  <\/p>\n<p>Se recomand\u0103 sp\u0103larea manual\u0103 cu un burete moale f\u0103r\u0103 a utiliza agen\u021bi abrazivi. Instruc\u021biunile de \u00eengrijire sunt furnizate \u00eempreun\u0103 cu produsul. <\/p>\n","protected":false},"excerpt":{"rendered":"<p>O linguri\u021b\u0103 decorat\u0103 cu argil\u0103 polimeric\u0103 va fi un mic cadou minunat pentru orice vacan\u021b\u0103! O lingur\u0103 cu un decor<\/p>\n","protected":false},"featured_media":13689,"comment_status":"open","ping_status":"closed","template":"","meta":[],"product_brand":[],"product_cat":[322,321],"product_tag":[],"class_list":{"0":"post-14722","1":"product","2":"type-product","3":"status-publish","4":"has-post-thumbnail","6":"product_cat-aksessuary","7":"product_cat-posuda","9":"first","10":"instock","11":"shipping-taxable","12":"purchasable","13":"product-type-simple"},"_links":{"self":[{"href":"https:\/\/tea-shop.md\/ro\/wp-json\/wp\/v2\/product\/14722","targetHints":{"allow":["GET"]}}],"collection":[{"href":"https:\/\/tea-shop.md\/ro\/wp-json\/wp\/v2\/product"}],"about":[{"href":"https:\/\/tea-shop.md\/ro\/wp-json\/wp\/v2\/types\/product"}],"replies":[{"embeddable":true,"href":"https:\/\/tea-shop.md\/ro\/wp-json\/wp\/v2\/comments?post=14722"}],"version-history":[{"count":0,"href":"https:\/\/tea-shop.md\/ro\/wp-json\/wp\/v2\/product\/14722\/revisions"}],"wp:featuredmedia":[{"embeddable":true,"href":"https:\/\/tea-shop.md\/ro\/wp-json\/wp\/v2\/media\/13689"}],"wp:attachment":[{"href":"https:\/\/tea-shop.md\/ro\/wp-json\/wp\/v2\/media?parent=14722"}],"wp:term":[{"taxonomy":"product_brand","embeddable":true,"href":"https:\/\/tea-shop.md\/ro\/wp-json\/wp\/v2\/product_brand?post=14722"},{"taxonomy":"product_cat","embeddable":true,"href":"https:\/\/tea-shop.md\/ro\/wp-json\/wp\/v2\/product_cat?post=14722"},{"taxonomy":"product_tag","embeddable":true,"href":"https:\/\/tea-shop.md\/ro\/wp-json\/wp\/v2\/product_tag?post=14722"}],"curies":[{"name":"wp","href":"https:\/\/api.w.org\/{rel}","templated":true}]}}