{"id":14726,"date":"2026-02-18T23:04:29","date_gmt":"2026-02-18T21:04:29","guid":{"rendered":"https:\/\/tea-shop.md\/product\/cupa-cupcake\/"},"modified":"2026-02-18T23:04:29","modified_gmt":"2026-02-18T21:04:29","slug":"cupa-cupcake","status":"publish","type":"product","link":"https:\/\/tea-shop.md\/ro\/produs\/cupa-cupcake\/","title":{"rendered":"Cupa Cupcake"},"content":{"rendered":"<p>O can\u0103 frumoas\u0103 realizat\u0103 manual va fi un cadou minunat \u0219i memorabil. Cana este perfect\u0103 ca cadou pentru mama, sora, bunica, colega. Orice fat\u0103 va fi \u00eenc\u00e2ntat\u0103! Complet manual, design personalizat, de \u00eenalt\u0103 calitate! Vesela este din ceramic\u0103, decorul este din argil\u0103 polimeric\u0103 de \u00eenalt\u0103 calitate, a\u0219a c\u0103, cu o utilizare atent\u0103, v\u0103 va dura foarte mult timp. Pute\u021bi bea b\u0103uturi calde \u0219i reci din acesta. Un astfel de cadou va r\u0103m\u00e2ne mult timp \u00een memoria unei zile minunate!      <\/p>\n<p>Se recomand\u0103 sp\u0103larea manual\u0103 cu un burete moale f\u0103r\u0103 a utiliza agen\u021bi abrazivi. Instruc\u021biunile de \u00eengrijire sunt furnizate \u00eempreun\u0103 cu produsul. <\/p>\n<p>Volumul este de 300 ml.<\/p>\n","protected":false},"excerpt":{"rendered":"<p>O can\u0103 frumoas\u0103 realizat\u0103 manual va fi un cadou minunat \u0219i memorabil. Cana este perfect\u0103 ca cadou pentru mama, sora,<\/p>\n","protected":false},"featured_media":13726,"comment_status":"open","ping_status":"closed","template":"","meta":[],"product_brand":[],"product_cat":[325,321],"product_tag":[],"class_list":{"0":"post-14726","1":"product","2":"type-product","3":"status-publish","4":"has-post-thumbnail","6":"product_cat-kruzhki","7":"product_cat-posuda","9":"first","10":"instock","11":"shipping-taxable","12":"purchasable","13":"product-type-simple"},"_links":{"self":[{"href":"https:\/\/tea-shop.md\/ro\/wp-json\/wp\/v2\/product\/14726","targetHints":{"allow":["GET"]}}],"collection":[{"href":"https:\/\/tea-shop.md\/ro\/wp-json\/wp\/v2\/product"}],"about":[{"href":"https:\/\/tea-shop.md\/ro\/wp-json\/wp\/v2\/types\/product"}],"replies":[{"embeddable":true,"href":"https:\/\/tea-shop.md\/ro\/wp-json\/wp\/v2\/comments?post=14726"}],"version-history":[{"count":0,"href":"https:\/\/tea-shop.md\/ro\/wp-json\/wp\/v2\/product\/14726\/revisions"}],"wp:featuredmedia":[{"embeddable":true,"href":"https:\/\/tea-shop.md\/ro\/wp-json\/wp\/v2\/media\/13726"}],"wp:attachment":[{"href":"https:\/\/tea-shop.md\/ro\/wp-json\/wp\/v2\/media?parent=14726"}],"wp:term":[{"taxonomy":"product_brand","embeddable":true,"href":"https:\/\/tea-shop.md\/ro\/wp-json\/wp\/v2\/product_brand?post=14726"},{"taxonomy":"product_cat","embeddable":true,"href":"https:\/\/tea-shop.md\/ro\/wp-json\/wp\/v2\/product_cat?post=14726"},{"taxonomy":"product_tag","embeddable":true,"href":"https:\/\/tea-shop.md\/ro\/wp-json\/wp\/v2\/product_tag?post=14726"}],"curies":[{"name":"wp","href":"https:\/\/api.w.org\/{rel}","templated":true}]}}