{"id":14729,"date":"2026-02-18T22:38:40","date_gmt":"2026-02-18T20:38:40","guid":{"rendered":"https:\/\/tea-shop.md\/product\/set-de-tacamuri-cu-gheata-albastra-pentru-4-persoane\/"},"modified":"2026-02-18T22:38:40","modified_gmt":"2026-02-18T20:38:40","slug":"set-de-tacamuri-cu-gheata-albastra-pentru-4-persoane","status":"publish","type":"product","link":"https:\/\/tea-shop.md\/ro\/produs\/set-de-tacamuri-cu-gheata-albastra-pentru-4-persoane\/","title":{"rendered":"Set de tacamuri cu gheata albastra pentru 4 persoane"},"content":{"rendered":"<p>Setul de ceai albastru cu ghea\u021b\u0103 zdrobit\u0103 va fi bijuteria ceremoniei dvs. de ceai. Culoarea catifea albastr\u0103 se va potrivi perfect cu atmosfera unei petreceri autentice de ceai. Iar materialul din care sunt f\u0103cute bolurile se potrive\u0219te c\u00e2t mai pl\u0103cut cu buzele.  <\/p>\n<p>Setul include un ceainic de 210 ml \u0219i 4 boluri de 35 ml.<\/p>\n","protected":false},"excerpt":{"rendered":"<p>Setul de ceai albastru cu ghea\u021b\u0103 zdrobit\u0103 va fi bijuteria ceremoniei dvs. de ceai. Culoarea catifea albastr\u0103 se va potrivi<\/p>\n","protected":false},"featured_media":13735,"comment_status":"open","ping_status":"closed","template":"","meta":[],"product_brand":[],"product_cat":[321,326],"product_tag":[],"class_list":{"0":"post-14729","1":"product","2":"type-product","3":"status-publish","4":"has-post-thumbnail","6":"product_cat-posuda","7":"product_cat-nabory","9":"first","10":"instock","11":"shipping-taxable","12":"purchasable","13":"product-type-simple"},"_links":{"self":[{"href":"https:\/\/tea-shop.md\/ro\/wp-json\/wp\/v2\/product\/14729","targetHints":{"allow":["GET"]}}],"collection":[{"href":"https:\/\/tea-shop.md\/ro\/wp-json\/wp\/v2\/product"}],"about":[{"href":"https:\/\/tea-shop.md\/ro\/wp-json\/wp\/v2\/types\/product"}],"replies":[{"embeddable":true,"href":"https:\/\/tea-shop.md\/ro\/wp-json\/wp\/v2\/comments?post=14729"}],"version-history":[{"count":0,"href":"https:\/\/tea-shop.md\/ro\/wp-json\/wp\/v2\/product\/14729\/revisions"}],"wp:featuredmedia":[{"embeddable":true,"href":"https:\/\/tea-shop.md\/ro\/wp-json\/wp\/v2\/media\/13735"}],"wp:attachment":[{"href":"https:\/\/tea-shop.md\/ro\/wp-json\/wp\/v2\/media?parent=14729"}],"wp:term":[{"taxonomy":"product_brand","embeddable":true,"href":"https:\/\/tea-shop.md\/ro\/wp-json\/wp\/v2\/product_brand?post=14729"},{"taxonomy":"product_cat","embeddable":true,"href":"https:\/\/tea-shop.md\/ro\/wp-json\/wp\/v2\/product_cat?post=14729"},{"taxonomy":"product_tag","embeddable":true,"href":"https:\/\/tea-shop.md\/ro\/wp-json\/wp\/v2\/product_tag?post=14729"}],"curies":[{"name":"wp","href":"https:\/\/api.w.org\/{rel}","templated":true}]}}