{"id":14730,"date":"2026-02-18T22:35:31","date_gmt":"2026-02-18T20:35:31","guid":{"rendered":"https:\/\/tea-shop.md\/product\/set-de-tacamuri-jade-crushed-ice-albastru-pentru-6-persoane\/"},"modified":"2026-02-18T22:35:31","modified_gmt":"2026-02-18T20:35:31","slug":"set-de-tacamuri-jade-crushed-ice-albastru-pentru-6-persoane","status":"publish","type":"product","link":"https:\/\/tea-shop.md\/ro\/produs\/set-de-tacamuri-jade-crushed-ice-albastru-pentru-6-persoane\/","title":{"rendered":"Set de tacamuri &#8222;Jade crushed ice&#8221; (albastru) pentru 6 persoane"},"content":{"rendered":"<p>Setul este recreat \u00een stilul clasic al mae\u0219trilor chinezi de por\u021belan \u0219i apar\u021bine tehnicii atelierului Longquan. Setul este realizat din lut de \u00eenalt\u0103 calitate, acoperit cu glazur\u0103. \u00cen lumin\u0103, serviciul str\u0103luce\u0219te \u00een diferite nuan\u021be, \u00een func\u021bie de schema de culori.  <\/p>\n<p>Setul vine \u00eentr-o cutie cadou.<\/p>\n<p>Ceainic: 180 ml.<\/p>\n<p>Boluri: 6 buc\u0103\u021bi de c\u00e2te 40 ml fiecare.<\/p>\n","protected":false},"excerpt":{"rendered":"<p>Setul este recreat \u00een stilul clasic al mae\u0219trilor chinezi de por\u021belan \u0219i apar\u021bine tehnicii atelierului Longquan. Setul este realizat din<\/p>\n","protected":false},"featured_media":13744,"comment_status":"open","ping_status":"closed","template":"","meta":[],"product_brand":[],"product_cat":[321,326],"product_tag":[],"class_list":{"0":"post-14730","1":"product","2":"type-product","3":"status-publish","4":"has-post-thumbnail","6":"product_cat-posuda","7":"product_cat-nabory","9":"first","10":"instock","11":"shipping-taxable","12":"purchasable","13":"product-type-simple"},"_links":{"self":[{"href":"https:\/\/tea-shop.md\/ro\/wp-json\/wp\/v2\/product\/14730","targetHints":{"allow":["GET"]}}],"collection":[{"href":"https:\/\/tea-shop.md\/ro\/wp-json\/wp\/v2\/product"}],"about":[{"href":"https:\/\/tea-shop.md\/ro\/wp-json\/wp\/v2\/types\/product"}],"replies":[{"embeddable":true,"href":"https:\/\/tea-shop.md\/ro\/wp-json\/wp\/v2\/comments?post=14730"}],"version-history":[{"count":0,"href":"https:\/\/tea-shop.md\/ro\/wp-json\/wp\/v2\/product\/14730\/revisions"}],"wp:featuredmedia":[{"embeddable":true,"href":"https:\/\/tea-shop.md\/ro\/wp-json\/wp\/v2\/media\/13744"}],"wp:attachment":[{"href":"https:\/\/tea-shop.md\/ro\/wp-json\/wp\/v2\/media?parent=14730"}],"wp:term":[{"taxonomy":"product_brand","embeddable":true,"href":"https:\/\/tea-shop.md\/ro\/wp-json\/wp\/v2\/product_brand?post=14730"},{"taxonomy":"product_cat","embeddable":true,"href":"https:\/\/tea-shop.md\/ro\/wp-json\/wp\/v2\/product_cat?post=14730"},{"taxonomy":"product_tag","embeddable":true,"href":"https:\/\/tea-shop.md\/ro\/wp-json\/wp\/v2\/product_tag?post=14730"}],"curies":[{"name":"wp","href":"https:\/\/api.w.org\/{rel}","templated":true}]}}