{"id":14731,"date":"2026-02-18T22:35:29","date_gmt":"2026-02-18T20:35:29","guid":{"rendered":"https:\/\/tea-shop.md\/product\/set-de-tacamuri-liang-tsang-pentru-6-persoane\/"},"modified":"2026-02-18T22:35:29","modified_gmt":"2026-02-18T20:35:29","slug":"set-de-tacamuri-liang-tsang-pentru-6-persoane","status":"publish","type":"product","link":"https:\/\/tea-shop.md\/ro\/produs\/set-de-tacamuri-liang-tsang-pentru-6-persoane\/","title":{"rendered":"Set de tacamuri Liang Tsang pentru 6 persoane"},"content":{"rendered":"<p>Set de vesel\u0103 cadou Chinezesc pentru \u0219ase persoane, negru cu pictur\u0103, foarte pl\u0103cut la atingere, elegant \u0219i frumos. Setul include un ceainic automat care scurge infuzia la rotire. Este potrivit pentru o ceremonie de ceai \u0219i medita\u021bie, precum \u0219i pentru un cadou.  <\/p>\n<p>Set cadou pentru ceremonia ceaiului pentru 6 persoane.<\/p>\n<p>Setul este ambalat \u00eentr-o cutie special\u0103 de carton cu compartimente \u0219i o geant\u0103 de m\u00e2n\u0103.<\/p>\n<p>Ceainic 180 ml.<\/p>\n<p>6 boluri de c\u00e2te 60 ml fiecare.<\/p>\n<p>&nbsp;<\/p>\n","protected":false},"excerpt":{"rendered":"<p>Set de vesel\u0103 cadou Chinezesc pentru \u0219ase persoane, negru cu pictur\u0103, foarte pl\u0103cut la atingere, elegant \u0219i frumos. Setul include<\/p>\n","protected":false},"featured_media":13773,"comment_status":"open","ping_status":"closed","template":"","meta":[],"product_brand":[],"product_cat":[321,326],"product_tag":[],"class_list":{"0":"post-14731","1":"product","2":"type-product","3":"status-publish","4":"has-post-thumbnail","6":"product_cat-posuda","7":"product_cat-nabory","9":"first","10":"instock","11":"shipping-taxable","12":"purchasable","13":"product-type-simple"},"_links":{"self":[{"href":"https:\/\/tea-shop.md\/ro\/wp-json\/wp\/v2\/product\/14731","targetHints":{"allow":["GET"]}}],"collection":[{"href":"https:\/\/tea-shop.md\/ro\/wp-json\/wp\/v2\/product"}],"about":[{"href":"https:\/\/tea-shop.md\/ro\/wp-json\/wp\/v2\/types\/product"}],"replies":[{"embeddable":true,"href":"https:\/\/tea-shop.md\/ro\/wp-json\/wp\/v2\/comments?post=14731"}],"version-history":[{"count":0,"href":"https:\/\/tea-shop.md\/ro\/wp-json\/wp\/v2\/product\/14731\/revisions"}],"wp:featuredmedia":[{"embeddable":true,"href":"https:\/\/tea-shop.md\/ro\/wp-json\/wp\/v2\/media\/13773"}],"wp:attachment":[{"href":"https:\/\/tea-shop.md\/ro\/wp-json\/wp\/v2\/media?parent=14731"}],"wp:term":[{"taxonomy":"product_brand","embeddable":true,"href":"https:\/\/tea-shop.md\/ro\/wp-json\/wp\/v2\/product_brand?post=14731"},{"taxonomy":"product_cat","embeddable":true,"href":"https:\/\/tea-shop.md\/ro\/wp-json\/wp\/v2\/product_cat?post=14731"},{"taxonomy":"product_tag","embeddable":true,"href":"https:\/\/tea-shop.md\/ro\/wp-json\/wp\/v2\/product_tag?post=14731"}],"curies":[{"name":"wp","href":"https:\/\/api.w.org\/{rel}","templated":true}]}}