{"id":14732,"date":"2026-02-18T22:35:28","date_gmt":"2026-02-18T20:35:28","guid":{"rendered":"https:\/\/tea-shop.md\/product\/set-de-feluri-de-mancare-gheata-zdrobita-albastru-pentru-6-persoane\/"},"modified":"2026-02-18T22:35:28","modified_gmt":"2026-02-18T20:35:28","slug":"set-de-feluri-de-mancare-gheata-zdrobita-albastru-pentru-6-persoane","status":"publish","type":"product","link":"https:\/\/tea-shop.md\/ro\/produs\/set-de-feluri-de-mancare-gheata-zdrobita-albastru-pentru-6-persoane\/","title":{"rendered":"Set de feluri de m\u00e2ncare&#8221; ghea\u021b\u0103 zdrobit\u0103 &#8221; (albastru) pentru 6 persoane"},"content":{"rendered":"<p>Acest set de ceai rafinat este fabricat din argil\u0103 de \u00eenalt\u0103 calitate \u0219i acoperit cu o glazur\u0103 special\u0103 care creeaz\u0103 un efect de crackle-o textur\u0103 natural\u0103 cr\u0103pat\u0103. Nuan\u021ba verde intens seam\u0103n\u0103 cu jadul, un simbol al armoniei \u0219i longevit\u0103\u021bii \u00een cultura chinez\u0103. <\/p>\n<p>Forma clasic\u0103 a ceainicului \u0219i a ce\u0219tilor asigur\u0103 confort \u00een utilizare, iar carcasa elegant\u0103 face din set un cadou excelent pentru cunosc\u0103torii consumului tradi\u021bional de ceai.<\/p>\n<p>Ceainicul este de 500 ml.<\/p>\n<p>Boluri &#8211; 6 buc\u0103\u021bi de c\u00e2te 120 ml fiecare.<\/p>\n","protected":false},"excerpt":{"rendered":"<p>Acest set de ceai rafinat este fabricat din argil\u0103 de \u00eenalt\u0103 calitate \u0219i acoperit cu o glazur\u0103 special\u0103 care creeaz\u0103<\/p>\n","protected":false},"featured_media":13763,"comment_status":"open","ping_status":"closed","template":"","meta":[],"product_brand":[],"product_cat":[321,326],"product_tag":[],"class_list":{"0":"post-14732","1":"product","2":"type-product","3":"status-publish","4":"has-post-thumbnail","6":"product_cat-posuda","7":"product_cat-nabory","9":"first","10":"instock","11":"shipping-taxable","12":"purchasable","13":"product-type-simple"},"_links":{"self":[{"href":"https:\/\/tea-shop.md\/ro\/wp-json\/wp\/v2\/product\/14732","targetHints":{"allow":["GET"]}}],"collection":[{"href":"https:\/\/tea-shop.md\/ro\/wp-json\/wp\/v2\/product"}],"about":[{"href":"https:\/\/tea-shop.md\/ro\/wp-json\/wp\/v2\/types\/product"}],"replies":[{"embeddable":true,"href":"https:\/\/tea-shop.md\/ro\/wp-json\/wp\/v2\/comments?post=14732"}],"version-history":[{"count":0,"href":"https:\/\/tea-shop.md\/ro\/wp-json\/wp\/v2\/product\/14732\/revisions"}],"wp:featuredmedia":[{"embeddable":true,"href":"https:\/\/tea-shop.md\/ro\/wp-json\/wp\/v2\/media\/13763"}],"wp:attachment":[{"href":"https:\/\/tea-shop.md\/ro\/wp-json\/wp\/v2\/media?parent=14732"}],"wp:term":[{"taxonomy":"product_brand","embeddable":true,"href":"https:\/\/tea-shop.md\/ro\/wp-json\/wp\/v2\/product_brand?post=14732"},{"taxonomy":"product_cat","embeddable":true,"href":"https:\/\/tea-shop.md\/ro\/wp-json\/wp\/v2\/product_cat?post=14732"},{"taxonomy":"product_tag","embeddable":true,"href":"https:\/\/tea-shop.md\/ro\/wp-json\/wp\/v2\/product_tag?post=14732"}],"curies":[{"name":"wp","href":"https:\/\/api.w.org\/{rel}","templated":true}]}}