{"id":14735,"date":"2026-02-11T14:04:33","date_gmt":"2026-02-11T12:04:33","guid":{"rendered":"https:\/\/tea-shop.md\/product\/ceasca-de-ceainic-din-lut-maro\/"},"modified":"2026-02-11T14:04:33","modified_gmt":"2026-02-11T12:04:33","slug":"ceasca-de-ceainic-din-lut-maro","status":"publish","type":"product","link":"https:\/\/tea-shop.md\/ro\/produs\/ceasca-de-ceainic-din-lut-maro\/","title":{"rendered":"Cea\u0219c\u0103 de ceainic din lut (maro)"},"content":{"rendered":"<p><span dir=\"auto\">O vesel\u0103 foarte popular\u0103 \u0219i autentic\u0103 pentru prepararea ceaiului este un ceainic din lut Issinsky.<\/span><\/p>\n<p><span dir=\"auto\">Un accesoriu de ceai mare c\u0103 toat\u0103 lumea care este \u00een tema de ceai ar trebui s\u0103 aib\u0103. Este, de asemenea, o op\u021biune foarte bun\u0103 pentru un cadou pentru un iubitor de ceai. <\/span><\/p>\n<p><span dir=\"auto\">Volum 300 ml<\/span><\/p>\n","protected":false},"excerpt":{"rendered":"<p>O vesel\u0103 foarte popular\u0103 \u0219i autentic\u0103 pentru prepararea ceaiului este un ceainic din lut Issinsky. Un accesoriu de ceai mare<\/p>\n","protected":false},"featured_media":13605,"comment_status":"open","ping_status":"closed","template":"","meta":[],"product_brand":[],"product_cat":[325],"product_tag":[],"class_list":{"0":"post-14735","1":"product","2":"type-product","3":"status-publish","4":"has-post-thumbnail","6":"product_cat-kruzhki","8":"first","9":"instock","10":"shipping-taxable","11":"purchasable","12":"product-type-simple"},"_links":{"self":[{"href":"https:\/\/tea-shop.md\/ro\/wp-json\/wp\/v2\/product\/14735","targetHints":{"allow":["GET"]}}],"collection":[{"href":"https:\/\/tea-shop.md\/ro\/wp-json\/wp\/v2\/product"}],"about":[{"href":"https:\/\/tea-shop.md\/ro\/wp-json\/wp\/v2\/types\/product"}],"replies":[{"embeddable":true,"href":"https:\/\/tea-shop.md\/ro\/wp-json\/wp\/v2\/comments?post=14735"}],"version-history":[{"count":0,"href":"https:\/\/tea-shop.md\/ro\/wp-json\/wp\/v2\/product\/14735\/revisions"}],"wp:featuredmedia":[{"embeddable":true,"href":"https:\/\/tea-shop.md\/ro\/wp-json\/wp\/v2\/media\/13605"}],"wp:attachment":[{"href":"https:\/\/tea-shop.md\/ro\/wp-json\/wp\/v2\/media?parent=14735"}],"wp:term":[{"taxonomy":"product_brand","embeddable":true,"href":"https:\/\/tea-shop.md\/ro\/wp-json\/wp\/v2\/product_brand?post=14735"},{"taxonomy":"product_cat","embeddable":true,"href":"https:\/\/tea-shop.md\/ro\/wp-json\/wp\/v2\/product_cat?post=14735"},{"taxonomy":"product_tag","embeddable":true,"href":"https:\/\/tea-shop.md\/ro\/wp-json\/wp\/v2\/product_tag?post=14735"}],"curies":[{"name":"wp","href":"https:\/\/api.w.org\/{rel}","templated":true}]}}