{"id":14736,"date":"2026-02-04T23:43:14","date_gmt":"2026-02-04T21:43:14","guid":{"rendered":"https:\/\/tea-shop.md\/product\/castron-de-lut-cu-glazura-maro-45-ml\/"},"modified":"2026-02-04T23:43:14","modified_gmt":"2026-02-04T21:43:14","slug":"castron-de-lut-cu-glazura-maro-45-ml","status":"publish","type":"product","link":"https:\/\/tea-shop.md\/ro\/produs\/castron-de-lut-cu-glazura-maro-45-ml\/","title":{"rendered":"Castron de lut cu glazur\u0103 (maro) 45 ml"},"content":{"rendered":"<div class=\"elementor-element elementor-element-231f9a48 e-con-full e-flex e-con e-parent e-lazyloaded\" data-id=\"231f9a48\" data-element_type=\"container\">\n<div class=\"elementor-element elementor-element-39d3f32d wd-single-tabs wd-width-100 elementor-widget elementor-widget-wd_single_product_tabs\" data-id=\"39d3f32d\" data-element_type=\"widget\" data-widget_type=\"wd_single_product_tabs.default\">\n<div class=\"elementor-widget-container\">\n<div class=\"woocommerce-tabs wc-tabs-wrapper\" data-state=\"first\" data-layout=\"tabs\">\n<div id=\"tab-description\" class=\"woocommerce-Tabs-panel panel entry-content wc-tab woocommerce-Tabs-panel--description\" role=\"tabpanel\" aria-labelledby=\"tab-title-description\" data-accordion-index=\"description\">\n<p>Un castron din lut Issinsky va fi un atribut ideal pentru o ceremonie a ceaiului. Materialul bolului ajut\u0103 aroma ceaiului s\u0103 r\u0103m\u00e2n\u0103 \u00een interior \u0219i s\u0103 se deschid\u0103 mai ad\u00e2nc cu fiecare b\u0103ut ulterior de ceai. <\/p>\n<p>Este realizat din lut fin dispersat de form\u0103 clasic\u0103. Suprafa\u021ba interioar\u0103 este acoperit\u0103 cu smal\u021b alb, ceea ce v\u0103 permite s\u0103 v\u0103 bucura\u021bi de culoarea ceaiului \u00een timpul consumului de ceai. <\/p>\n<div>\n<p>Exteriorul bolului are o textur\u0103 catifelat\u0103 pl\u0103cut\u0103, interiorul este acoperit cu o glazur\u0103 alb\u0103 str\u0103lucitoare, care asigur\u0103 versatilitatea produsului, \u00eempiedic\u00e2nd lutul s\u0103 absoarb\u0103 aromele \u0219i aromele ceaiului.<\/p>\n<\/div>\n<div>Volum 60 ml<\/div>\n<\/div>\n<\/div>\n<\/div>\n<\/div>\n<\/div>\n<div class=\"wd-negative-gap elementor-element elementor-element-44786c46 e-flex e-con-boxed e-con e-parent e-lazyloaded\" data-id=\"44786c46\" data-element_type=\"container\">\n<div class=\"e-con-inner\">\n<div class=\"elementor-element elementor-element-2afb0ddd wd-width-100 elementor-widget elementor-widget-wd_title\" data-id=\"2afb0ddd\" data-element_type=\"widget\" data-widget_type=\"wd_title.default\">\n<div class=\"elementor-widget-container\">\n<div class=\"title-wrapper wd-set-mb reset-last-child wd-title-color-primary wd-title-style-simple wd-title-size-default text-left\"><\/div>\n<\/div>\n<\/div>\n<\/div>\n<\/div>\n","protected":false},"excerpt":{"rendered":"<p>Un castron din lut Issinsky va fi un atribut ideal pentru o ceremonie a ceaiului. Materialul bolului ajut\u0103 aroma ceaiului<\/p>\n","protected":false},"featured_media":13229,"comment_status":"open","ping_status":"closed","template":"","meta":[],"product_brand":[],"product_cat":[327,321],"product_tag":[],"class_list":{"0":"post-14736","1":"product","2":"type-product","3":"status-publish","4":"has-post-thumbnail","6":"product_cat-pialy","7":"product_cat-posuda","9":"first","10":"instock","11":"shipping-taxable","12":"purchasable","13":"product-type-simple"},"_links":{"self":[{"href":"https:\/\/tea-shop.md\/ro\/wp-json\/wp\/v2\/product\/14736","targetHints":{"allow":["GET"]}}],"collection":[{"href":"https:\/\/tea-shop.md\/ro\/wp-json\/wp\/v2\/product"}],"about":[{"href":"https:\/\/tea-shop.md\/ro\/wp-json\/wp\/v2\/types\/product"}],"replies":[{"embeddable":true,"href":"https:\/\/tea-shop.md\/ro\/wp-json\/wp\/v2\/comments?post=14736"}],"version-history":[{"count":0,"href":"https:\/\/tea-shop.md\/ro\/wp-json\/wp\/v2\/product\/14736\/revisions"}],"wp:featuredmedia":[{"embeddable":true,"href":"https:\/\/tea-shop.md\/ro\/wp-json\/wp\/v2\/media\/13229"}],"wp:attachment":[{"href":"https:\/\/tea-shop.md\/ro\/wp-json\/wp\/v2\/media?parent=14736"}],"wp:term":[{"taxonomy":"product_brand","embeddable":true,"href":"https:\/\/tea-shop.md\/ro\/wp-json\/wp\/v2\/product_brand?post=14736"},{"taxonomy":"product_cat","embeddable":true,"href":"https:\/\/tea-shop.md\/ro\/wp-json\/wp\/v2\/product_cat?post=14736"},{"taxonomy":"product_tag","embeddable":true,"href":"https:\/\/tea-shop.md\/ro\/wp-json\/wp\/v2\/product_tag?post=14736"}],"curies":[{"name":"wp","href":"https:\/\/api.w.org\/{rel}","templated":true}]}}