{"id":14738,"date":"2026-02-04T23:42:13","date_gmt":"2026-02-04T21:42:13","guid":{"rendered":"https:\/\/tea-shop.md\/product\/castron-de-lut-mat-maro-45ml\/"},"modified":"2026-04-07T12:12:21","modified_gmt":"2026-04-07T09:12:21","slug":"castron-de-lut-mat-maro-45ml","status":"publish","type":"product","link":"https:\/\/tea-shop.md\/ro\/produs\/castron-de-lut-mat-maro-45ml\/","title":{"rendered":"Castron de lut mat (maro) 45ml"},"content":{"rendered":"<div data-id=\"231f9a48\" data-element_type=\"container\">\n<div data-id=\"39d3f32d\" data-element_type=\"widget\" data-widget_type=\"wd_single_product_tabs.default\">\n<div>\n<div data-state=\"first\" data-layout=\"tabs\">\n<div id=\"tab-description\" role=\"tabpanel\" aria-labelledby=\"tab-title-description\" data-accordion-index=\"description\">\n<p>Un castron din lut Issinsky va fi un atribut ideal pentru o ceremonie a ceaiului. Materialul bolului ajut\u0103 aroma ceaiului s\u0103 r\u0103m\u00e2n\u0103 \u00een interior \u0219i s\u0103 se deschid\u0103 mai ad\u00e2nc cu fiecare b\u0103ut ulterior de ceai. <\/p>\n<div>Structura poroas\u0103 a vasului re\u021bine umiditatea \u0219i distribuie f\u0103r\u0103 probleme temperatura, ceea ce creeaz\u0103 un microclimat unic \u00een interiorul vasului. Pere\u021bii gro\u0219i capteaz\u0103 c\u0103ldura \u0219i creeaz\u0103 o temperatur\u0103 ideal\u0103 pentru consumul de ceai (45-55 CP). Marginile ra\u021bionalizate \u0219i forma bolului fac pl\u0103cut s\u0103-l \u021bine\u021bi \u00een m\u00e2ini.  <\/div>\n<p>Volum 45 ml<\/p>\n<\/div>\n<\/div>\n<\/div>\n<\/div>\n<\/div>\n<div data-id=\"44786c46\" data-element_type=\"container\">\n<div>\n<div data-id=\"2afb0ddd\" data-element_type=\"widget\" data-widget_type=\"wd_title.default\">\n<div>\n<div><\/div>\n<\/div>\n<\/div>\n<\/div>\n<\/div>\n","protected":false},"excerpt":{"rendered":"<p>Un castron din lut Issinsky va fi un atribut ideal pentru o ceremonie a ceaiului. Materialul bolului ajut\u0103 aroma ceaiului<\/p>\n","protected":false},"featured_media":13223,"comment_status":"open","ping_status":"closed","template":"","meta":[],"product_brand":[],"product_cat":[327,321],"product_tag":[],"class_list":{"0":"post-14738","1":"product","2":"type-product","3":"status-publish","4":"has-post-thumbnail","6":"product_cat-pialy","7":"product_cat-posuda","9":"first","10":"instock","11":"shipping-taxable","12":"purchasable","13":"product-type-simple"},"_links":{"self":[{"href":"https:\/\/tea-shop.md\/ro\/wp-json\/wp\/v2\/product\/14738","targetHints":{"allow":["GET"]}}],"collection":[{"href":"https:\/\/tea-shop.md\/ro\/wp-json\/wp\/v2\/product"}],"about":[{"href":"https:\/\/tea-shop.md\/ro\/wp-json\/wp\/v2\/types\/product"}],"replies":[{"embeddable":true,"href":"https:\/\/tea-shop.md\/ro\/wp-json\/wp\/v2\/comments?post=14738"}],"version-history":[{"count":1,"href":"https:\/\/tea-shop.md\/ro\/wp-json\/wp\/v2\/product\/14738\/revisions"}],"predecessor-version":[{"id":15050,"href":"https:\/\/tea-shop.md\/ro\/wp-json\/wp\/v2\/product\/14738\/revisions\/15050"}],"wp:featuredmedia":[{"embeddable":true,"href":"https:\/\/tea-shop.md\/ro\/wp-json\/wp\/v2\/media\/13223"}],"wp:attachment":[{"href":"https:\/\/tea-shop.md\/ro\/wp-json\/wp\/v2\/media?parent=14738"}],"wp:term":[{"taxonomy":"product_brand","embeddable":true,"href":"https:\/\/tea-shop.md\/ro\/wp-json\/wp\/v2\/product_brand?post=14738"},{"taxonomy":"product_cat","embeddable":true,"href":"https:\/\/tea-shop.md\/ro\/wp-json\/wp\/v2\/product_cat?post=14738"},{"taxonomy":"product_tag","embeddable":true,"href":"https:\/\/tea-shop.md\/ro\/wp-json\/wp\/v2\/product_tag?post=14738"}],"curies":[{"name":"wp","href":"https:\/\/api.w.org\/{rel}","templated":true}]}}