{"id":14740,"date":"2026-02-04T23:32:05","date_gmt":"2026-02-04T21:32:05","guid":{"rendered":"https:\/\/tea-shop.md\/product\/bol-de-portelan-flori-de-cires\/"},"modified":"2026-02-04T23:32:05","modified_gmt":"2026-02-04T21:32:05","slug":"bol-de-portelan-flori-de-cires","status":"publish","type":"product","link":"https:\/\/tea-shop.md\/ro\/produs\/bol-de-portelan-flori-de-cires\/","title":{"rendered":"Bol de por\u021belan &#8222;Flori de cire\u0219&#8221;"},"content":{"rendered":"<p>Bolul retro din por\u021belan este realizat din por\u021belan de \u00eenalt\u0103 calitate, ceea ce \u00eei confer\u0103 un aspect elegant \u0219i delicate\u021be. Volumul ideal pentru ceai este 80 ml, ceea ce v\u0103 permite s\u0103 v\u0103 bucura\u021bi de aroma \u0219i gustul ceaiului \u00een por\u021bii mici. <\/p>\n<p>Bolul poate fi folosit at\u00e2t pentru uz zilnic, c\u00e2t \u0219i pentru ocazii speciale, ad\u0103ug\u00e2nd un farmec unic petrecerii ceaiului.<\/p>\n","protected":false},"excerpt":{"rendered":"<p>Bolul retro din por\u021belan este realizat din por\u021belan de \u00eenalt\u0103 calitate, ceea ce \u00eei confer\u0103 un aspect elegant \u0219i delicate\u021be.<\/p>\n","protected":false},"featured_media":13235,"comment_status":"open","ping_status":"closed","template":"","meta":[],"product_brand":[],"product_cat":[327,321],"product_tag":[],"class_list":{"0":"post-14740","1":"product","2":"type-product","3":"status-publish","4":"has-post-thumbnail","6":"product_cat-pialy","7":"product_cat-posuda","9":"first","10":"instock","11":"shipping-taxable","12":"purchasable","13":"product-type-simple"},"_links":{"self":[{"href":"https:\/\/tea-shop.md\/ro\/wp-json\/wp\/v2\/product\/14740","targetHints":{"allow":["GET"]}}],"collection":[{"href":"https:\/\/tea-shop.md\/ro\/wp-json\/wp\/v2\/product"}],"about":[{"href":"https:\/\/tea-shop.md\/ro\/wp-json\/wp\/v2\/types\/product"}],"replies":[{"embeddable":true,"href":"https:\/\/tea-shop.md\/ro\/wp-json\/wp\/v2\/comments?post=14740"}],"version-history":[{"count":0,"href":"https:\/\/tea-shop.md\/ro\/wp-json\/wp\/v2\/product\/14740\/revisions"}],"wp:featuredmedia":[{"embeddable":true,"href":"https:\/\/tea-shop.md\/ro\/wp-json\/wp\/v2\/media\/13235"}],"wp:attachment":[{"href":"https:\/\/tea-shop.md\/ro\/wp-json\/wp\/v2\/media?parent=14740"}],"wp:term":[{"taxonomy":"product_brand","embeddable":true,"href":"https:\/\/tea-shop.md\/ro\/wp-json\/wp\/v2\/product_brand?post=14740"},{"taxonomy":"product_cat","embeddable":true,"href":"https:\/\/tea-shop.md\/ro\/wp-json\/wp\/v2\/product_cat?post=14740"},{"taxonomy":"product_tag","embeddable":true,"href":"https:\/\/tea-shop.md\/ro\/wp-json\/wp\/v2\/product_tag?post=14740"}],"curies":[{"name":"wp","href":"https:\/\/api.w.org\/{rel}","templated":true}]}}