{"id":14748,"date":"2025-12-10T22:37:13","date_gmt":"2025-12-10T20:37:13","guid":{"rendered":"https:\/\/tea-shop.md\/product\/gaiwan-din-lut-cu-glazura-alba-maro\/"},"modified":"2025-12-10T22:37:13","modified_gmt":"2025-12-10T20:37:13","slug":"gaiwan-din-lut-cu-glazura-alba-maro","status":"publish","type":"product","link":"https:\/\/tea-shop.md\/ro\/produs\/gaiwan-din-lut-cu-glazura-alba-maro\/","title":{"rendered":"Gaiwan din lut cu glazur\u0103 alb\u0103 (maro)"},"content":{"rendered":"<p>Gaiwan este literalmente un castron cu capac. Sau un castron cu trei baze, unde farfuria simbolizeaz\u0103 p\u0103m\u00e2ntul, vasul reprezint\u0103 o persoan\u0103, iar capacul reprezint\u0103 cerul. <\/p>\n<div>Gaiwan este un tacamuri de ceai ideal pentru o ceremonie tradi\u021bional\u0103 de ceai chinezesc. Fabricat din lut natural, are o proprietate special\u0103 de conservare \u0219i transmitere a aromei \u0219i gustului ceaiului. <\/div>\n<div><\/div>\n<div>\n<p>Gaiwan este o cea\u0219c\u0103 mic\u0103 de lut cu capac. V\u0103 permite s\u0103 v\u0103 bucura\u021bi de fiecare \u00eenghi\u021bitur\u0103 a b\u0103uturii, p\u0103str\u00e2ndu-i calit\u0103\u021bile unice. Vesela de ceai chinezesc se distinge prin elegan\u021b\u0103 \u0219i rafinament, gaiwan nu este doar func\u021bional, ci va deveni \u0219i un decor minunat pentru sala de mese.  <\/p>\n<\/div>\n<div>Gaiwan este considerat un instrument universal de preparare a berii, potrivit pentru orice tip de ceai. Se folose\u0219te at\u00e2t ca &#8222;ceainic&#8221;, c\u00e2t \u0219i ca cea\u0219c\u0103: \u00een primul caz, ceaiul se prepar\u0103 \u00eentr \u2013 un gaiwan \u0219i apoi se toarn\u0103 \u00een chakhai sau imediat \u00een boluri, \u00een al doilea-se consum\u0103 direct din gaiwan. <\/div>\n<p>Volumul este de 100 ml.<\/p>\n","protected":false},"excerpt":{"rendered":"<p>Gaiwan este literalmente un castron cu capac. Sau un castron cu trei baze, unde farfuria simbolizeaz\u0103 p\u0103m\u00e2ntul, vasul reprezint\u0103 o<\/p>\n","protected":false},"featured_media":13251,"comment_status":"open","ping_status":"closed","template":"","meta":[],"product_brand":[],"product_cat":[321,323],"product_tag":[],"class_list":{"0":"post-14748","1":"product","2":"type-product","3":"status-publish","4":"has-post-thumbnail","6":"product_cat-posuda","7":"product_cat-gajvan","9":"first","10":"instock","11":"shipping-taxable","12":"purchasable","13":"product-type-simple"},"_links":{"self":[{"href":"https:\/\/tea-shop.md\/ro\/wp-json\/wp\/v2\/product\/14748","targetHints":{"allow":["GET"]}}],"collection":[{"href":"https:\/\/tea-shop.md\/ro\/wp-json\/wp\/v2\/product"}],"about":[{"href":"https:\/\/tea-shop.md\/ro\/wp-json\/wp\/v2\/types\/product"}],"replies":[{"embeddable":true,"href":"https:\/\/tea-shop.md\/ro\/wp-json\/wp\/v2\/comments?post=14748"}],"version-history":[{"count":0,"href":"https:\/\/tea-shop.md\/ro\/wp-json\/wp\/v2\/product\/14748\/revisions"}],"wp:featuredmedia":[{"embeddable":true,"href":"https:\/\/tea-shop.md\/ro\/wp-json\/wp\/v2\/media\/13251"}],"wp:attachment":[{"href":"https:\/\/tea-shop.md\/ro\/wp-json\/wp\/v2\/media?parent=14748"}],"wp:term":[{"taxonomy":"product_brand","embeddable":true,"href":"https:\/\/tea-shop.md\/ro\/wp-json\/wp\/v2\/product_brand?post=14748"},{"taxonomy":"product_cat","embeddable":true,"href":"https:\/\/tea-shop.md\/ro\/wp-json\/wp\/v2\/product_cat?post=14748"},{"taxonomy":"product_tag","embeddable":true,"href":"https:\/\/tea-shop.md\/ro\/wp-json\/wp\/v2\/product_tag?post=14748"}],"curies":[{"name":"wp","href":"https:\/\/api.w.org\/{rel}","templated":true}]}}