{"id":14749,"date":"2025-12-10T22:37:12","date_gmt":"2025-12-10T20:37:12","guid":{"rendered":"https:\/\/tea-shop.md\/product\/set-de-tacamuri-de-calatorie-ceramica-xi-shi-alb-pentru-4-persoane\/"},"modified":"2026-04-07T12:23:53","modified_gmt":"2026-04-07T09:23:53","slug":"set-de-tacamuri-de-calatorie-ceramica-xi-shi-alb-pentru-4-persoane","status":"publish","type":"product","link":"https:\/\/tea-shop.md\/ro\/produs\/set-de-tacamuri-de-calatorie-ceramica-xi-shi-alb-pentru-4-persoane\/","title":{"rendered":"Set de tacamuri de calatorie ceramica&#8221; Xi Shi &#8221; (alb) pentru 4 persoane"},"content":{"rendered":"<p>Set De Tacamuri Pentru Ceremonia Ceaiului Travel:<\/p>\n<ul>\n<li>M\u0103rul ciobanului-bambus, palet din plastic<\/li>\n<li>Ceainic-180 ml<\/li>\n<li>Boluri de ceai din por\u021belan 4 buc\u0103\u021bi de 35 ml fiecare<\/li>\n<li>Pensete din bambus<\/li>\n<li>Prosop de ceai<\/li>\n<\/ul>\n<p>Ambalat \u00eentr-o geant\u0103 special\u0103.<\/p>\n","protected":false},"excerpt":{"rendered":"<p>Set De Tacamuri Pentru Ceremonia Ceaiului Travel: M\u0103rul ciobanului-bambus, palet din plastic Ceainic-180 ml Boluri de ceai din por\u021belan 4<\/p>\n","protected":false},"featured_media":13258,"comment_status":"open","ping_status":"closed","template":"","meta":[],"product_brand":[],"product_cat":[321,326],"product_tag":[],"class_list":{"0":"post-14749","1":"product","2":"type-product","3":"status-publish","4":"has-post-thumbnail","6":"product_cat-posuda","7":"product_cat-nabory","9":"first","10":"instock","11":"shipping-taxable","12":"purchasable","13":"product-type-simple"},"_links":{"self":[{"href":"https:\/\/tea-shop.md\/ro\/wp-json\/wp\/v2\/product\/14749","targetHints":{"allow":["GET"]}}],"collection":[{"href":"https:\/\/tea-shop.md\/ro\/wp-json\/wp\/v2\/product"}],"about":[{"href":"https:\/\/tea-shop.md\/ro\/wp-json\/wp\/v2\/types\/product"}],"replies":[{"embeddable":true,"href":"https:\/\/tea-shop.md\/ro\/wp-json\/wp\/v2\/comments?post=14749"}],"version-history":[{"count":1,"href":"https:\/\/tea-shop.md\/ro\/wp-json\/wp\/v2\/product\/14749\/revisions"}],"predecessor-version":[{"id":15057,"href":"https:\/\/tea-shop.md\/ro\/wp-json\/wp\/v2\/product\/14749\/revisions\/15057"}],"wp:featuredmedia":[{"embeddable":true,"href":"https:\/\/tea-shop.md\/ro\/wp-json\/wp\/v2\/media\/13258"}],"wp:attachment":[{"href":"https:\/\/tea-shop.md\/ro\/wp-json\/wp\/v2\/media?parent=14749"}],"wp:term":[{"taxonomy":"product_brand","embeddable":true,"href":"https:\/\/tea-shop.md\/ro\/wp-json\/wp\/v2\/product_brand?post=14749"},{"taxonomy":"product_cat","embeddable":true,"href":"https:\/\/tea-shop.md\/ro\/wp-json\/wp\/v2\/product_cat?post=14749"},{"taxonomy":"product_tag","embeddable":true,"href":"https:\/\/tea-shop.md\/ro\/wp-json\/wp\/v2\/product_tag?post=14749"}],"curies":[{"name":"wp","href":"https:\/\/api.w.org\/{rel}","templated":true}]}}