{"id":14751,"date":"2025-12-10T22:37:11","date_gmt":"2025-12-10T20:37:11","guid":{"rendered":"https:\/\/tea-shop.md\/product\/set-de-4-boluri-intr-o-cutie-de-gheata-zdrobita\/"},"modified":"2025-12-10T22:37:11","modified_gmt":"2025-12-10T20:37:11","slug":"set-de-4-boluri-intr-o-cutie-de-gheata-zdrobita","status":"publish","type":"product","link":"https:\/\/tea-shop.md\/ro\/produs\/set-de-4-boluri-intr-o-cutie-de-gheata-zdrobita\/","title":{"rendered":"Set de 4 boluri \u00eentr-o cutie de &#8222;Ghea\u021b\u0103 zdrobit\u0103&#8221;"},"content":{"rendered":"<p>Boluri voluminoase, mari, din lut cu glazur\u0103 multicolor\u0103, efectul &#8222;ghe\u021bii zdrobite&#8221;.<\/p>\n<p>Volumul este de 50 ml.<\/p>\n","protected":false},"excerpt":{"rendered":"<p>Boluri voluminoase, mari, din lut cu glazur\u0103 multicolor\u0103, efectul &#8222;ghe\u021bii zdrobite&#8221;. Volumul este de 50 ml.<\/p>\n","protected":false},"featured_media":13245,"comment_status":"open","ping_status":"closed","template":"","meta":[],"product_brand":[],"product_cat":[327,321,326],"product_tag":[],"class_list":{"0":"post-14751","1":"product","2":"type-product","3":"status-publish","4":"has-post-thumbnail","6":"product_cat-pialy","7":"product_cat-posuda","8":"product_cat-nabory","10":"first","11":"instock","12":"shipping-taxable","13":"purchasable","14":"product-type-simple"},"_links":{"self":[{"href":"https:\/\/tea-shop.md\/ro\/wp-json\/wp\/v2\/product\/14751","targetHints":{"allow":["GET"]}}],"collection":[{"href":"https:\/\/tea-shop.md\/ro\/wp-json\/wp\/v2\/product"}],"about":[{"href":"https:\/\/tea-shop.md\/ro\/wp-json\/wp\/v2\/types\/product"}],"replies":[{"embeddable":true,"href":"https:\/\/tea-shop.md\/ro\/wp-json\/wp\/v2\/comments?post=14751"}],"version-history":[{"count":0,"href":"https:\/\/tea-shop.md\/ro\/wp-json\/wp\/v2\/product\/14751\/revisions"}],"wp:featuredmedia":[{"embeddable":true,"href":"https:\/\/tea-shop.md\/ro\/wp-json\/wp\/v2\/media\/13245"}],"wp:attachment":[{"href":"https:\/\/tea-shop.md\/ro\/wp-json\/wp\/v2\/media?parent=14751"}],"wp:term":[{"taxonomy":"product_brand","embeddable":true,"href":"https:\/\/tea-shop.md\/ro\/wp-json\/wp\/v2\/product_brand?post=14751"},{"taxonomy":"product_cat","embeddable":true,"href":"https:\/\/tea-shop.md\/ro\/wp-json\/wp\/v2\/product_cat?post=14751"},{"taxonomy":"product_tag","embeddable":true,"href":"https:\/\/tea-shop.md\/ro\/wp-json\/wp\/v2\/product_tag?post=14751"}],"curies":[{"name":"wp","href":"https:\/\/api.w.org\/{rel}","templated":true}]}}