{"id":14753,"date":"2025-12-10T22:37:10","date_gmt":"2025-12-10T20:37:10","guid":{"rendered":"https:\/\/tea-shop.md\/product\/set-de-feluri-de-mancare-si-shi-alb-pentru-4-persoane\/"},"modified":"2025-12-10T22:37:10","modified_gmt":"2025-12-10T20:37:10","slug":"set-de-feluri-de-mancare-si-shi-alb-pentru-4-persoane","status":"publish","type":"product","link":"https:\/\/tea-shop.md\/ro\/produs\/set-de-feluri-de-mancare-si-shi-alb-pentru-4-persoane\/","title":{"rendered":"Set de feluri de m\u00e2ncare &#8222;Si Shi&#8221; (alb) pentru 4 persoane"},"content":{"rendered":"<div data-id=\"231f9a48\" data-element_type=\"container\">\n<div data-id=\"39d3f32d\" data-element_type=\"widget\" data-widget_type=\"wd_single_product_tabs.default\">\n<div>\n<div data-state=\"first\" data-layout=\"tabs\">\n<div id=\"tab-description\" role=\"tabpanel\" aria-labelledby=\"tab-title-description\" data-accordion-index=\"description\">\n<p>O alegere ideal\u0103 pentru cei care doresc s\u0103 experimenteze arta ceremoniei ceaiului chinezesc. Setul include un ceainic clasic din ceramic\u0103 \u0219i patru boluri, care v\u0103 permite s\u0103 sim\u021bi\u021bi gustul real al ceaiului f\u0103r\u0103 detalii inutile. <\/p>\n<p>Ceainic Ceramic &#8211; 180 ml<\/p>\n<p>Boluri &#8211; 4 buc\u0103\u021bi de c\u00e2te 35 ml fiecare<\/p>\n<p>Totul este ambalat \u00eentr-o cutie cadou.<\/p>\n<\/div>\n<\/div>\n<\/div>\n<\/div>\n<\/div>\n<div class=\"wd-negative-gap elementor-element elementor-element-44786c46 e-flex e-con-boxed e-con e-parent e-lazyloaded\" data-id=\"44786c46\" data-element_type=\"container\">\n<div class=\"e-con-inner\">\n<div class=\"elementor-element elementor-element-2afb0ddd wd-width-100 elementor-widget elementor-widget-wd_title\" data-id=\"2afb0ddd\" data-element_type=\"widget\" data-widget_type=\"wd_title.default\">\n<div class=\"elementor-widget-container\">\n<div class=\"title-wrapper wd-set-mb reset-last-child wd-title-color-primary wd-title-style-simple wd-title-size-default text-left\"><\/div>\n<\/div>\n<\/div>\n<\/div>\n<\/div>\n","protected":false},"excerpt":{"rendered":"<p>O alegere ideal\u0103 pentru cei care doresc s\u0103 experimenteze arta ceremoniei ceaiului chinezesc. Setul include un ceainic clasic din ceramic\u0103<\/p>\n","protected":false},"featured_media":13778,"comment_status":"open","ping_status":"closed","template":"","meta":[],"product_brand":[],"product_cat":[321,326],"product_tag":[],"class_list":{"0":"post-14753","1":"product","2":"type-product","3":"status-publish","4":"has-post-thumbnail","6":"product_cat-posuda","7":"product_cat-nabory","9":"first","10":"instock","11":"shipping-taxable","12":"purchasable","13":"product-type-simple"},"_links":{"self":[{"href":"https:\/\/tea-shop.md\/ro\/wp-json\/wp\/v2\/product\/14753","targetHints":{"allow":["GET"]}}],"collection":[{"href":"https:\/\/tea-shop.md\/ro\/wp-json\/wp\/v2\/product"}],"about":[{"href":"https:\/\/tea-shop.md\/ro\/wp-json\/wp\/v2\/types\/product"}],"replies":[{"embeddable":true,"href":"https:\/\/tea-shop.md\/ro\/wp-json\/wp\/v2\/comments?post=14753"}],"version-history":[{"count":0,"href":"https:\/\/tea-shop.md\/ro\/wp-json\/wp\/v2\/product\/14753\/revisions"}],"wp:featuredmedia":[{"embeddable":true,"href":"https:\/\/tea-shop.md\/ro\/wp-json\/wp\/v2\/media\/13778"}],"wp:attachment":[{"href":"https:\/\/tea-shop.md\/ro\/wp-json\/wp\/v2\/media?parent=14753"}],"wp:term":[{"taxonomy":"product_brand","embeddable":true,"href":"https:\/\/tea-shop.md\/ro\/wp-json\/wp\/v2\/product_brand?post=14753"},{"taxonomy":"product_cat","embeddable":true,"href":"https:\/\/tea-shop.md\/ro\/wp-json\/wp\/v2\/product_cat?post=14753"},{"taxonomy":"product_tag","embeddable":true,"href":"https:\/\/tea-shop.md\/ro\/wp-json\/wp\/v2\/product_tag?post=14753"}],"curies":[{"name":"wp","href":"https:\/\/api.w.org\/{rel}","templated":true}]}}