{"id":14756,"date":"2025-12-10T22:37:08","date_gmt":"2025-12-10T20:37:08","guid":{"rendered":"https:\/\/tea-shop.md\/product\/castron-de-lut-mat-negru-100-ml\/"},"modified":"2026-04-01T12:44:38","modified_gmt":"2026-04-01T09:44:38","slug":"castron-de-lut-mat-negru-100-ml","status":"publish","type":"product","link":"https:\/\/tea-shop.md\/ro\/produs\/castron-de-lut-mat-negru-100-ml\/","title":{"rendered":"Castron de lut mat (negru) 100 ml"},"content":{"rendered":"<p>Un castron din lut Issinsky 100 ml. va fi un atribut ideal pentru o ceremonie de ceai. Materialul bolului ajut\u0103 aroma ceaiului s\u0103 r\u0103m\u00e2n\u0103 \u00een interior \u0219i s\u0103 se deschid\u0103 mai ad\u00e2nc cu fiecare b\u0103ut ulterior de ceai.  <\/p>\n","protected":false},"excerpt":{"rendered":"<p>Un castron din lut Issinsky 100 ml. va fi un atribut ideal pentru o ceremonie de ceai. Materialul bolului ajut\u0103<\/p>\n","protected":false},"featured_media":13657,"comment_status":"open","ping_status":"closed","template":"","meta":[],"product_brand":[],"product_cat":[327,321],"product_tag":[],"class_list":{"0":"post-14756","1":"product","2":"type-product","3":"status-publish","4":"has-post-thumbnail","6":"product_cat-pialy","7":"product_cat-posuda","9":"first","10":"instock","11":"shipping-taxable","12":"purchasable","13":"product-type-simple"},"_links":{"self":[{"href":"https:\/\/tea-shop.md\/ro\/wp-json\/wp\/v2\/product\/14756","targetHints":{"allow":["GET"]}}],"collection":[{"href":"https:\/\/tea-shop.md\/ro\/wp-json\/wp\/v2\/product"}],"about":[{"href":"https:\/\/tea-shop.md\/ro\/wp-json\/wp\/v2\/types\/product"}],"replies":[{"embeddable":true,"href":"https:\/\/tea-shop.md\/ro\/wp-json\/wp\/v2\/comments?post=14756"}],"version-history":[{"count":1,"href":"https:\/\/tea-shop.md\/ro\/wp-json\/wp\/v2\/product\/14756\/revisions"}],"predecessor-version":[{"id":15019,"href":"https:\/\/tea-shop.md\/ro\/wp-json\/wp\/v2\/product\/14756\/revisions\/15019"}],"wp:featuredmedia":[{"embeddable":true,"href":"https:\/\/tea-shop.md\/ro\/wp-json\/wp\/v2\/media\/13657"}],"wp:attachment":[{"href":"https:\/\/tea-shop.md\/ro\/wp-json\/wp\/v2\/media?parent=14756"}],"wp:term":[{"taxonomy":"product_brand","embeddable":true,"href":"https:\/\/tea-shop.md\/ro\/wp-json\/wp\/v2\/product_brand?post=14756"},{"taxonomy":"product_cat","embeddable":true,"href":"https:\/\/tea-shop.md\/ro\/wp-json\/wp\/v2\/product_cat?post=14756"},{"taxonomy":"product_tag","embeddable":true,"href":"https:\/\/tea-shop.md\/ro\/wp-json\/wp\/v2\/product_tag?post=14756"}],"curies":[{"name":"wp","href":"https:\/\/api.w.org\/{rel}","templated":true}]}}