{"id":14758,"date":"2025-12-10T22:37:05","date_gmt":"2025-12-10T20:37:05","guid":{"rendered":"https:\/\/tea-shop.md\/product\/teapod-500-ml\/"},"modified":"2026-04-07T12:27:42","modified_gmt":"2026-04-07T09:27:42","slug":"teapod-500-ml","status":"publish","type":"product","link":"https:\/\/tea-shop.md\/ro\/produs\/teapod-500-ml\/","title":{"rendered":"Teapod 500 ml"},"content":{"rendered":"<p>Un ceainic ideal pentru cei care doresc s\u0103 se relaxeze la serviciu sau acas\u0103, dar nu au timp pentru o petrecere complet\u0103 de ceai.<\/p>\n<p>Ceainicele marca Kamjove se caracterizeaz\u0103 printr-un material de \u00eenalt\u0103 calitate, \u0219i anume un ceainic din plastic \u0219i un bol de borosilicat. Acest lucru, \u00een primul r\u00e2nd, nu va afecta gustul b\u0103uturii \u00een sine \u0219i, \u00een al doilea r\u00e2nd, este universal potrivit pentru orice tip de temperatur\u0103 de preparare. <\/p>\n<p>Caracteristica acestor tipuri este mobilitatea lor \u0219i capacitatea de a dezasambla p\u00e2n\u0103 la cele mai mici detalii. Adic\u0103, bolul tipada poate fi folosit ca un chahai autonom, iar ceainicul este u\u0219or de sp\u0103lat \u0219i convenabil de utilizat \u00een orice caz. \u00cen plus, Setul include o lingur\u0103 separat\u0103 pentru turnarea materiilor prime, ceea ce v\u0103 va simplifica consumul suplimentar de ceai.  <\/p>\n<p>Volum 500 ml<\/p>\n","protected":false},"excerpt":{"rendered":"<p>Un ceainic ideal pentru cei care doresc s\u0103 se relaxeze la serviciu sau acas\u0103, dar nu au timp pentru o<\/p>\n","protected":false},"featured_media":13272,"comment_status":"open","ping_status":"closed","template":"","meta":[],"product_brand":[],"product_cat":[324,321],"product_tag":[],"class_list":{"0":"post-14758","1":"product","2":"type-product","3":"status-publish","4":"has-post-thumbnail","6":"product_cat-zavarniki","7":"product_cat-posuda","9":"first","10":"instock","11":"shipping-taxable","12":"purchasable","13":"product-type-simple"},"_links":{"self":[{"href":"https:\/\/tea-shop.md\/ro\/wp-json\/wp\/v2\/product\/14758","targetHints":{"allow":["GET"]}}],"collection":[{"href":"https:\/\/tea-shop.md\/ro\/wp-json\/wp\/v2\/product"}],"about":[{"href":"https:\/\/tea-shop.md\/ro\/wp-json\/wp\/v2\/types\/product"}],"replies":[{"embeddable":true,"href":"https:\/\/tea-shop.md\/ro\/wp-json\/wp\/v2\/comments?post=14758"}],"version-history":[{"count":2,"href":"https:\/\/tea-shop.md\/ro\/wp-json\/wp\/v2\/product\/14758\/revisions"}],"predecessor-version":[{"id":15059,"href":"https:\/\/tea-shop.md\/ro\/wp-json\/wp\/v2\/product\/14758\/revisions\/15059"}],"wp:featuredmedia":[{"embeddable":true,"href":"https:\/\/tea-shop.md\/ro\/wp-json\/wp\/v2\/media\/13272"}],"wp:attachment":[{"href":"https:\/\/tea-shop.md\/ro\/wp-json\/wp\/v2\/media?parent=14758"}],"wp:term":[{"taxonomy":"product_brand","embeddable":true,"href":"https:\/\/tea-shop.md\/ro\/wp-json\/wp\/v2\/product_brand?post=14758"},{"taxonomy":"product_cat","embeddable":true,"href":"https:\/\/tea-shop.md\/ro\/wp-json\/wp\/v2\/product_cat?post=14758"},{"taxonomy":"product_tag","embeddable":true,"href":"https:\/\/tea-shop.md\/ro\/wp-json\/wp\/v2\/product_tag?post=14758"}],"curies":[{"name":"wp","href":"https:\/\/api.w.org\/{rel}","templated":true}]}}