{"id":14759,"date":"2025-12-10T22:37:07","date_gmt":"2025-12-10T20:37:07","guid":{"rendered":"https:\/\/tea-shop.md\/product\/bol-de-sticla-de-40-ml\/"},"modified":"2026-04-01T12:44:22","modified_gmt":"2026-04-01T09:44:22","slug":"bol-de-sticla-de-40-ml","status":"publish","type":"product","link":"https:\/\/tea-shop.md\/ro\/produs\/bol-de-sticla-de-40-ml\/","title":{"rendered":"Bol de sticl\u0103 de 40 ml"},"content":{"rendered":"<p>Bolul cu fund dublu este fabricat din sticl\u0103 borosilicat\u0103 de \u00eenalt\u0103 calitate \u0219i este conceput pentru a v\u0103 face ceaiul \u0219i mai special. Aceast\u0103 colec\u021bie este alegerea perfect\u0103 pentru cei care caut\u0103 nu numai func\u021bionalitate, ci \u0219i stil. Creeaz\u0103 o atmosfer\u0103 special\u0103 \u0219i \u00ee\u021bi face b\u0103uturile \u0219i mai gustoase.  <\/p>\n<p>Volum 40 ml<\/p>\n","protected":false},"excerpt":{"rendered":"<p>Bolul cu fund dublu este fabricat din sticl\u0103 borosilicat\u0103 de \u00eenalt\u0103 calitate \u0219i este conceput pentru a v\u0103 face ceaiul<\/p>\n","protected":false},"featured_media":13249,"comment_status":"open","ping_status":"closed","template":"","meta":[],"product_brand":[],"product_cat":[327,321],"product_tag":[],"class_list":{"0":"post-14759","1":"product","2":"type-product","3":"status-publish","4":"has-post-thumbnail","6":"product_cat-pialy","7":"product_cat-posuda","9":"first","10":"instock","11":"shipping-taxable","12":"purchasable","13":"product-type-simple"},"_links":{"self":[{"href":"https:\/\/tea-shop.md\/ro\/wp-json\/wp\/v2\/product\/14759","targetHints":{"allow":["GET"]}}],"collection":[{"href":"https:\/\/tea-shop.md\/ro\/wp-json\/wp\/v2\/product"}],"about":[{"href":"https:\/\/tea-shop.md\/ro\/wp-json\/wp\/v2\/types\/product"}],"replies":[{"embeddable":true,"href":"https:\/\/tea-shop.md\/ro\/wp-json\/wp\/v2\/comments?post=14759"}],"version-history":[{"count":1,"href":"https:\/\/tea-shop.md\/ro\/wp-json\/wp\/v2\/product\/14759\/revisions"}],"predecessor-version":[{"id":15018,"href":"https:\/\/tea-shop.md\/ro\/wp-json\/wp\/v2\/product\/14759\/revisions\/15018"}],"wp:featuredmedia":[{"embeddable":true,"href":"https:\/\/tea-shop.md\/ro\/wp-json\/wp\/v2\/media\/13249"}],"wp:attachment":[{"href":"https:\/\/tea-shop.md\/ro\/wp-json\/wp\/v2\/media?parent=14759"}],"wp:term":[{"taxonomy":"product_brand","embeddable":true,"href":"https:\/\/tea-shop.md\/ro\/wp-json\/wp\/v2\/product_brand?post=14759"},{"taxonomy":"product_cat","embeddable":true,"href":"https:\/\/tea-shop.md\/ro\/wp-json\/wp\/v2\/product_cat?post=14759"},{"taxonomy":"product_tag","embeddable":true,"href":"https:\/\/tea-shop.md\/ro\/wp-json\/wp\/v2\/product_tag?post=14759"}],"curies":[{"name":"wp","href":"https:\/\/api.w.org\/{rel}","templated":true}]}}