{"id":14761,"date":"2025-12-10T22:37:04","date_gmt":"2025-12-10T20:37:04","guid":{"rendered":"https:\/\/tea-shop.md\/product\/saci-de-filtrare-100-buc\/"},"modified":"2026-04-01T00:16:30","modified_gmt":"2026-03-31T21:16:30","slug":"saci-de-filtrare-100-buc","status":"publish","type":"product","link":"https:\/\/tea-shop.md\/ro\/produs\/saci-de-filtrare-100-buc\/","title":{"rendered":"Saci de filtrare (100 buc)"},"content":{"rendered":"<p>Pungile de filtrare pentru ceai sunt plicuri speciale care au o form\u0103 dreptunghiular\u0103. Fibra natural\u0103 este utilizat\u0103 ca materie prim\u0103 pentru fabricarea pungilor de filtrare. Plicurile con\u021bin exclusiv materiale naturale ecologice, de origine vegetal\u0103.  <\/p>\n<p>Specifica\u021bii:<\/p>\n<ul>\n<li>Material: celuloz\u0103 73%, ABACA 17%, Fibre de polipropilen\u0103 10%<\/li>\n<li>Dimensiune: 65*135mm;<\/li>\n<li>Num\u0103r de buc\u0103\u021bi \u00een ambalaj: 100<\/li>\n<\/ul>\n<p>Pungile de ceai filtrante sunt o modalitate simpl\u0103 \u0219i convenabil\u0103 de a prepara ceai, care devine din ce \u00een ce mai popular printre iubitorii de ceai. Aceste pungi ofer\u0103 posibilitatea de a prepara ceai cu confort maxim, minimiz\u00e2nd \u00een acela\u0219i timp munca inutil\u0103 de cur\u0103\u021bare \u0219i men\u021binere a ordinii. Cu ajutorul unor astfel de pungi, pute\u021bi prepara cu u\u0219urin\u021b\u0103 diferite tipuri de ceai, pute\u021bi controla cantitatea potrivit\u0103 de ceai \u0219i v\u0103 pute\u021bi bucura de o b\u0103utur\u0103 curat\u0103 f\u0103r\u0103 frunze de ceai \u00een cea\u0219c\u0103.  <\/p>\n<p>Avantajele pungilor de ceai cu filtru:<\/p>\n<ul>\n<li>Igienic \u0219i convenabil \u2013 nu este nevoie s\u0103 sp\u0103la\u021bi Ceainice sau strecur\u0103toare, arunca\u021bi doar punga uzat\u0103.<\/li>\n<li>Controlul puterii ceaiului-regla\u021bi cu u\u0219urin\u021b\u0103 cantitatea de ceai din pung\u0103 pentru puterea dorit\u0103 a b\u0103uturii.<\/li>\n<li>Puritatea b\u0103uturii \u00eempiedic\u0103 intrarea frunzelor de ceai \u00een cea\u0219c\u0103.<\/li>\n<li>Eco-friendly &#8211; atunci c\u00e2nd se utilizeaz\u0103 materiale ecologice, astfel de pungi sunt o alegere sigur\u0103 \u0219i rezonabil\u0103 pentru mediu.<\/li>\n<li>Potrivit pentru toate tipurile de ceai \u2013 pungile cu filtru pot fi folosite pentru ceai negru, verde, alb, din plante \u0219i chiar pentru amestecuri cu aditivi precum condimente sau citrice.<\/li>\n<\/ul>\n<p>Pungile de ceai filtrante sunt o modalitate excelent\u0103 de a prepara ceai, de a-i controla puterea \u0219i de a savura o b\u0103utur\u0103 curat\u0103. Comoditatea, ecologia \u0219i versatilitatea lor le fac o alegere excelent\u0103 pentru oricine apreciaz\u0103 confortul \u0219i calitatea ceaiului. <\/p>\n","protected":false},"excerpt":{"rendered":"<p>Pungile de filtrare pentru ceai sunt plicuri speciale care au o form\u0103 dreptunghiular\u0103. Fibra natural\u0103 este utilizat\u0103 ca materie prim\u0103<\/p>\n","protected":false},"featured_media":12475,"comment_status":"open","ping_status":"closed","template":"","meta":[],"product_brand":[],"product_cat":[322,321],"product_tag":[],"class_list":{"0":"post-14761","1":"product","2":"type-product","3":"status-publish","4":"has-post-thumbnail","6":"product_cat-aksessuary","7":"product_cat-posuda","9":"first","10":"instock","11":"shipping-taxable","12":"purchasable","13":"product-type-simple"},"_links":{"self":[{"href":"https:\/\/tea-shop.md\/ro\/wp-json\/wp\/v2\/product\/14761","targetHints":{"allow":["GET"]}}],"collection":[{"href":"https:\/\/tea-shop.md\/ro\/wp-json\/wp\/v2\/product"}],"about":[{"href":"https:\/\/tea-shop.md\/ro\/wp-json\/wp\/v2\/types\/product"}],"replies":[{"embeddable":true,"href":"https:\/\/tea-shop.md\/ro\/wp-json\/wp\/v2\/comments?post=14761"}],"version-history":[{"count":1,"href":"https:\/\/tea-shop.md\/ro\/wp-json\/wp\/v2\/product\/14761\/revisions"}],"predecessor-version":[{"id":15014,"href":"https:\/\/tea-shop.md\/ro\/wp-json\/wp\/v2\/product\/14761\/revisions\/15014"}],"wp:featuredmedia":[{"embeddable":true,"href":"https:\/\/tea-shop.md\/ro\/wp-json\/wp\/v2\/media\/12475"}],"wp:attachment":[{"href":"https:\/\/tea-shop.md\/ro\/wp-json\/wp\/v2\/media?parent=14761"}],"wp:term":[{"taxonomy":"product_brand","embeddable":true,"href":"https:\/\/tea-shop.md\/ro\/wp-json\/wp\/v2\/product_brand?post=14761"},{"taxonomy":"product_cat","embeddable":true,"href":"https:\/\/tea-shop.md\/ro\/wp-json\/wp\/v2\/product_cat?post=14761"},{"taxonomy":"product_tag","embeddable":true,"href":"https:\/\/tea-shop.md\/ro\/wp-json\/wp\/v2\/product_tag?post=14761"}],"curies":[{"name":"wp","href":"https:\/\/api.w.org\/{rel}","templated":true}]}}