{"id":14762,"date":"2025-12-10T22:37:04","date_gmt":"2025-12-10T20:37:04","guid":{"rendered":"https:\/\/tea-shop.md\/product\/figurina-pentru-ceremonia-ceaiului-boy\/"},"modified":"2026-04-07T12:31:20","modified_gmt":"2026-04-07T09:31:20","slug":"figurina-pentru-ceremonia-ceaiului-boy","status":"publish","type":"product","link":"https:\/\/tea-shop.md\/ro\/produs\/figurina-pentru-ceremonia-ceaiului-boy\/","title":{"rendered":"Figurina pentru ceremonia ceaiului &#8222;Boy&#8221;"},"content":{"rendered":"<p>Figurinele sunt unul dintre atributele principale pentru ceremonia ceaiului. Conform credin\u021belor vechilor chinezi, acolo locuiau spirite de ceai, care au ie\u0219it \u00een timpul petrecerii ceaiului, c\u00e2nd maestrul ceaiului a udat figurina. Imaginea unui b\u0103iat pissing joac\u0103 unul dintre rolurile cheie \u00een ceremonia ceaiului. Figurina este special\u0103 pentru c\u0103 atunci c\u00e2nd b\u0103iatul este \u00eenmuiat \u00een ap\u0103 \u0219i lutul este \u00eenc\u0103lzit turn\u00e2nd ap\u0103 clocotit\u0103, b\u0103iatul \u00eencepe s\u0103 scrie. Ceea ce v\u0103 va dilua ceremonia ceaiului cu o atrac\u021bie neobi\u0219nuit\u0103.    <\/p>\n<p>Materialul este lut.<\/p>\n<p>\u00cen\u0103l\u021bime 6 cm.<\/p>\n","protected":false},"excerpt":{"rendered":"<p>Figurinele sunt unul dintre atributele principale pentru ceremonia ceaiului. Conform credin\u021belor vechilor chinezi, acolo locuiau spirite de ceai, care au<\/p>\n","protected":false},"featured_media":12471,"comment_status":"open","ping_status":"closed","template":"","meta":[],"product_brand":[],"product_cat":[322,321],"product_tag":[],"class_list":{"0":"post-14762","1":"product","2":"type-product","3":"status-publish","4":"has-post-thumbnail","6":"product_cat-aksessuary","7":"product_cat-posuda","9":"first","10":"instock","11":"shipping-taxable","12":"purchasable","13":"product-type-simple"},"_links":{"self":[{"href":"https:\/\/tea-shop.md\/ro\/wp-json\/wp\/v2\/product\/14762","targetHints":{"allow":["GET"]}}],"collection":[{"href":"https:\/\/tea-shop.md\/ro\/wp-json\/wp\/v2\/product"}],"about":[{"href":"https:\/\/tea-shop.md\/ro\/wp-json\/wp\/v2\/types\/product"}],"replies":[{"embeddable":true,"href":"https:\/\/tea-shop.md\/ro\/wp-json\/wp\/v2\/comments?post=14762"}],"version-history":[{"count":2,"href":"https:\/\/tea-shop.md\/ro\/wp-json\/wp\/v2\/product\/14762\/revisions"}],"predecessor-version":[{"id":15061,"href":"https:\/\/tea-shop.md\/ro\/wp-json\/wp\/v2\/product\/14762\/revisions\/15061"}],"wp:featuredmedia":[{"embeddable":true,"href":"https:\/\/tea-shop.md\/ro\/wp-json\/wp\/v2\/media\/12471"}],"wp:attachment":[{"href":"https:\/\/tea-shop.md\/ro\/wp-json\/wp\/v2\/media?parent=14762"}],"wp:term":[{"taxonomy":"product_brand","embeddable":true,"href":"https:\/\/tea-shop.md\/ro\/wp-json\/wp\/v2\/product_brand?post=14762"},{"taxonomy":"product_cat","embeddable":true,"href":"https:\/\/tea-shop.md\/ro\/wp-json\/wp\/v2\/product_cat?post=14762"},{"taxonomy":"product_tag","embeddable":true,"href":"https:\/\/tea-shop.md\/ro\/wp-json\/wp\/v2\/product_tag?post=14762"}],"curies":[{"name":"wp","href":"https:\/\/api.w.org\/{rel}","templated":true}]}}