{"id":14765,"date":"2025-12-10T22:37:00","date_gmt":"2025-12-10T20:37:00","guid":{"rendered":"https:\/\/tea-shop.md\/product\/yixing-fan-gu-ceainic\/"},"modified":"2026-04-07T12:35:11","modified_gmt":"2026-04-07T09:35:11","slug":"yixing-fan-gu-ceainic","status":"publish","type":"product","link":"https:\/\/tea-shop.md\/ro\/produs\/yixing-fan-gu-ceainic\/","title":{"rendered":"Ceainic Yixing Fan Gu"},"content":{"rendered":"<p>Ceainicul Fan Gu este fabricat din lut Yixing Tzu \u00een forma clasic\u0103 Fan gu. Volumul confortabil \u0219i pere\u021bii \u00eengro\u0219a\u021bi v\u0103 vor ajuta tipul preferat de ceai s\u0103 se deschid\u0103 perfect \u00een el. La urma urmei, particularitatea argilei Yixing este s\u0103-\u0219i aminteasc\u0103 aromele, ceea ce va face ca fiecare petrecere de ceai ulterioar\u0103 s\u0103 fie special\u0103 \u0219i str\u0103lucitoare.  <\/p>\n<p>Materialul este lut.<\/p>\n<p>Volum &#8211; 250 ml<\/p>\n","protected":false},"excerpt":{"rendered":"<p>Ceainicul Fan Gu este fabricat din lut Yixing Tzu \u00een forma clasic\u0103 Fan gu. Volumul confortabil \u0219i pere\u021bii \u00eengro\u0219a\u021bi v\u0103<\/p>\n","protected":false},"featured_media":12489,"comment_status":"open","ping_status":"closed","template":"","meta":[],"product_brand":[],"product_cat":[324,321],"product_tag":[],"class_list":{"0":"post-14765","1":"product","2":"type-product","3":"status-publish","4":"has-post-thumbnail","6":"product_cat-zavarniki","7":"product_cat-posuda","9":"first","10":"instock","11":"shipping-taxable","12":"purchasable","13":"product-type-simple"},"_links":{"self":[{"href":"https:\/\/tea-shop.md\/ro\/wp-json\/wp\/v2\/product\/14765","targetHints":{"allow":["GET"]}}],"collection":[{"href":"https:\/\/tea-shop.md\/ro\/wp-json\/wp\/v2\/product"}],"about":[{"href":"https:\/\/tea-shop.md\/ro\/wp-json\/wp\/v2\/types\/product"}],"replies":[{"embeddable":true,"href":"https:\/\/tea-shop.md\/ro\/wp-json\/wp\/v2\/comments?post=14765"}],"version-history":[{"count":2,"href":"https:\/\/tea-shop.md\/ro\/wp-json\/wp\/v2\/product\/14765\/revisions"}],"predecessor-version":[{"id":15062,"href":"https:\/\/tea-shop.md\/ro\/wp-json\/wp\/v2\/product\/14765\/revisions\/15062"}],"wp:featuredmedia":[{"embeddable":true,"href":"https:\/\/tea-shop.md\/ro\/wp-json\/wp\/v2\/media\/12489"}],"wp:attachment":[{"href":"https:\/\/tea-shop.md\/ro\/wp-json\/wp\/v2\/media?parent=14765"}],"wp:term":[{"taxonomy":"product_brand","embeddable":true,"href":"https:\/\/tea-shop.md\/ro\/wp-json\/wp\/v2\/product_brand?post=14765"},{"taxonomy":"product_cat","embeddable":true,"href":"https:\/\/tea-shop.md\/ro\/wp-json\/wp\/v2\/product_cat?post=14765"},{"taxonomy":"product_tag","embeddable":true,"href":"https:\/\/tea-shop.md\/ro\/wp-json\/wp\/v2\/product_tag?post=14765"}],"curies":[{"name":"wp","href":"https:\/\/api.w.org\/{rel}","templated":true}]}}