{"id":14767,"date":"2025-12-10T22:37:02","date_gmt":"2025-12-10T20:37:02","guid":{"rendered":"https:\/\/tea-shop.md\/product\/ciobanesc-alb-22x35-cm\/"},"modified":"2026-04-01T00:14:57","modified_gmt":"2026-03-31T21:14:57","slug":"ciobanesc-alb-22x35-cm","status":"publish","type":"product","link":"https:\/\/tea-shop.md\/ro\/produs\/ciobanesc-alb-22x35-cm\/","title":{"rendered":"Ciobanesc (alb) 22&#215;35 cm"},"content":{"rendered":"<p>Placa de ceai este un atribut indispensabil al ceremoniei ceaiului chinezesc. Este convenabil s\u0103 a\u0219eza\u021bi feluri de m\u00e2ncare pe p\u0103stor: gaiwan sau tipod, chakhai, boluri, figurine de ceai. De asemenea, pute\u021bi turna ap\u0103 pe ea. Asta fac chinezii \u0219i cred c\u0103 cu c\u00e2t se vars\u0103 mai mult s\u00e2nge, cu at\u00e2t familia va fi mai fericit\u0103.   <\/p>\n<p>Material-lemn, plastic.<\/p>\n<p>Dimensiune-22x35x3,5 cm<\/p>\n","protected":false},"excerpt":{"rendered":"<p>Placa de ceai este un atribut indispensabil al ceremoniei ceaiului chinezesc. Este convenabil s\u0103 a\u0219eza\u021bi feluri de m\u00e2ncare pe p\u0103stor:<\/p>\n","protected":false},"featured_media":12480,"comment_status":"open","ping_status":"closed","template":"","meta":[],"product_brand":[],"product_cat":[328,321],"product_tag":[],"class_list":{"0":"post-14767","1":"product","2":"type-product","3":"status-publish","4":"has-post-thumbnail","6":"product_cat-chaban","7":"product_cat-posuda","9":"first","10":"instock","11":"shipping-taxable","12":"purchasable","13":"product-type-simple"},"_links":{"self":[{"href":"https:\/\/tea-shop.md\/ro\/wp-json\/wp\/v2\/product\/14767","targetHints":{"allow":["GET"]}}],"collection":[{"href":"https:\/\/tea-shop.md\/ro\/wp-json\/wp\/v2\/product"}],"about":[{"href":"https:\/\/tea-shop.md\/ro\/wp-json\/wp\/v2\/types\/product"}],"replies":[{"embeddable":true,"href":"https:\/\/tea-shop.md\/ro\/wp-json\/wp\/v2\/comments?post=14767"}],"version-history":[{"count":1,"href":"https:\/\/tea-shop.md\/ro\/wp-json\/wp\/v2\/product\/14767\/revisions"}],"predecessor-version":[{"id":15011,"href":"https:\/\/tea-shop.md\/ro\/wp-json\/wp\/v2\/product\/14767\/revisions\/15011"}],"wp:featuredmedia":[{"embeddable":true,"href":"https:\/\/tea-shop.md\/ro\/wp-json\/wp\/v2\/media\/12480"}],"wp:attachment":[{"href":"https:\/\/tea-shop.md\/ro\/wp-json\/wp\/v2\/media?parent=14767"}],"wp:term":[{"taxonomy":"product_brand","embeddable":true,"href":"https:\/\/tea-shop.md\/ro\/wp-json\/wp\/v2\/product_brand?post=14767"},{"taxonomy":"product_cat","embeddable":true,"href":"https:\/\/tea-shop.md\/ro\/wp-json\/wp\/v2\/product_cat?post=14767"},{"taxonomy":"product_tag","embeddable":true,"href":"https:\/\/tea-shop.md\/ro\/wp-json\/wp\/v2\/product_tag?post=14767"}],"curies":[{"name":"wp","href":"https:\/\/api.w.org\/{rel}","templated":true}]}}