{"id":14769,"date":"2025-12-10T22:36:58","date_gmt":"2025-12-10T20:36:58","guid":{"rendered":"https:\/\/tea-shop.md\/product\/ceainic-sticla-1-l\/"},"modified":"2026-04-01T00:13:40","modified_gmt":"2026-03-31T21:13:40","slug":"ceainic-sticla-1-l","status":"publish","type":"product","link":"https:\/\/tea-shop.md\/ro\/produs\/ceainic-sticla-1-l\/","title":{"rendered":"Ceainic (sticl\u0103) 1 l"},"content":{"rendered":"<p>Un ceainic din sticl\u0103 borosilicat\u0103 \u0219i bambus cu capac este un accesoriu elegant pentru prepararea rapid\u0103 a ceaiului revigorant. Unitatea este excelent\u0103 pentru toate tipurile de b\u0103uturi calde. <\/p>\n<p>Ceainicul poate fi folosit pentru a prepara at\u00e2t ceai, c\u00e2t \u0219i diverse infuzii de plante, iar un capac convenabil va men\u021bine temperatura dorit\u0103. Produsul este realizat folosind tehnologie modern\u0103 din sticl\u0103 de \u00eenalt\u0103 rezisten\u021b\u0103. Materialul fierb\u0103torului este durabil \u0219i u\u0219or, nu absoarbe mirosurile \u0219i este u\u0219or de utilizat \u0219i cur\u0103\u021bat. Un filtru cu arc din o\u021bel inoxidabil \u00eencorporat \u00een gura de scurgere capteaz\u0103 frunzele de ceai \u0219i buc\u0103\u021bile de fructe din fierb\u0103tor. Carcasa transparent\u0103 v\u0103 va permite s\u0103 observa\u021bi procesul magic de deschidere a frunzelor de ceai, a florilor \u0219i a fructelor.    <\/p>\n<p>Specifica\u021bii:<\/p>\n<ul>\n<li>Volum: 1 litru.<\/li>\n<li>Culoare: transparent, bej.<\/li>\n<li>Material: sticl\u0103, bambus.<\/li>\n<\/ul>\n","protected":false},"excerpt":{"rendered":"<p>Un ceainic din sticl\u0103 borosilicat\u0103 \u0219i bambus cu capac este un accesoriu elegant pentru prepararea rapid\u0103 a ceaiului revigorant. Unitatea<\/p>\n","protected":false},"featured_media":13286,"comment_status":"open","ping_status":"closed","template":"","meta":[],"product_brand":[],"product_cat":[324,321],"product_tag":[],"class_list":{"0":"post-14769","1":"product","2":"type-product","3":"status-publish","4":"has-post-thumbnail","6":"product_cat-zavarniki","7":"product_cat-posuda","9":"first","10":"instock","11":"shipping-taxable","12":"purchasable","13":"product-type-simple"},"_links":{"self":[{"href":"https:\/\/tea-shop.md\/ro\/wp-json\/wp\/v2\/product\/14769","targetHints":{"allow":["GET"]}}],"collection":[{"href":"https:\/\/tea-shop.md\/ro\/wp-json\/wp\/v2\/product"}],"about":[{"href":"https:\/\/tea-shop.md\/ro\/wp-json\/wp\/v2\/types\/product"}],"replies":[{"embeddable":true,"href":"https:\/\/tea-shop.md\/ro\/wp-json\/wp\/v2\/comments?post=14769"}],"version-history":[{"count":1,"href":"https:\/\/tea-shop.md\/ro\/wp-json\/wp\/v2\/product\/14769\/revisions"}],"predecessor-version":[{"id":15009,"href":"https:\/\/tea-shop.md\/ro\/wp-json\/wp\/v2\/product\/14769\/revisions\/15009"}],"wp:featuredmedia":[{"embeddable":true,"href":"https:\/\/tea-shop.md\/ro\/wp-json\/wp\/v2\/media\/13286"}],"wp:attachment":[{"href":"https:\/\/tea-shop.md\/ro\/wp-json\/wp\/v2\/media?parent=14769"}],"wp:term":[{"taxonomy":"product_brand","embeddable":true,"href":"https:\/\/tea-shop.md\/ro\/wp-json\/wp\/v2\/product_brand?post=14769"},{"taxonomy":"product_cat","embeddable":true,"href":"https:\/\/tea-shop.md\/ro\/wp-json\/wp\/v2\/product_cat?post=14769"},{"taxonomy":"product_tag","embeddable":true,"href":"https:\/\/tea-shop.md\/ro\/wp-json\/wp\/v2\/product_tag?post=14769"}],"curies":[{"name":"wp","href":"https:\/\/api.w.org\/{rel}","templated":true}]}}