{"id":14770,"date":"2025-12-10T22:36:54","date_gmt":"2025-12-10T20:36:54","guid":{"rendered":"https:\/\/tea-shop.md\/product\/ceasca-de-ceainic-din-lut-negru\/"},"modified":"2026-04-01T00:12:21","modified_gmt":"2026-03-31T21:12:21","slug":"ceasca-de-ceainic-din-lut-negru","status":"publish","type":"product","link":"https:\/\/tea-shop.md\/ro\/produs\/ceasca-de-ceainic-din-lut-negru\/","title":{"rendered":"Cea\u0219c\u0103 de ceainic din lut (negru)"},"content":{"rendered":"<p><span dir=\"auto\">O vesel\u0103 foarte popular\u0103 \u0219i autentic\u0103 pentru prepararea ceaiului este un ceainic din lut Issinsky.<\/span><\/p>\n<p><span dir=\"auto\">Un accesoriu de ceai mare c\u0103 toat\u0103 lumea care este \u00een tema de ceai ar trebui s\u0103 aib\u0103. Este, de asemenea, o op\u021biune foarte bun\u0103 pentru un cadou pentru un iubitor de ceai. <\/span><\/p>\n<p><span dir=\"auto\">Volum 300 ml<\/span><\/p>\n","protected":false},"excerpt":{"rendered":"<p>O vesel\u0103 foarte popular\u0103 \u0219i autentic\u0103 pentru prepararea ceaiului este un ceainic din lut Issinsky. Un accesoriu de ceai mare<\/p>\n","protected":false},"featured_media":13609,"comment_status":"open","ping_status":"closed","template":"","meta":[],"product_brand":[],"product_cat":[325,321],"product_tag":[],"class_list":{"0":"post-14770","1":"product","2":"type-product","3":"status-publish","4":"has-post-thumbnail","6":"product_cat-kruzhki","7":"product_cat-posuda","9":"first","10":"instock","11":"shipping-taxable","12":"purchasable","13":"product-type-simple"},"_links":{"self":[{"href":"https:\/\/tea-shop.md\/ro\/wp-json\/wp\/v2\/product\/14770","targetHints":{"allow":["GET"]}}],"collection":[{"href":"https:\/\/tea-shop.md\/ro\/wp-json\/wp\/v2\/product"}],"about":[{"href":"https:\/\/tea-shop.md\/ro\/wp-json\/wp\/v2\/types\/product"}],"replies":[{"embeddable":true,"href":"https:\/\/tea-shop.md\/ro\/wp-json\/wp\/v2\/comments?post=14770"}],"version-history":[{"count":1,"href":"https:\/\/tea-shop.md\/ro\/wp-json\/wp\/v2\/product\/14770\/revisions"}],"predecessor-version":[{"id":15006,"href":"https:\/\/tea-shop.md\/ro\/wp-json\/wp\/v2\/product\/14770\/revisions\/15006"}],"wp:featuredmedia":[{"embeddable":true,"href":"https:\/\/tea-shop.md\/ro\/wp-json\/wp\/v2\/media\/13609"}],"wp:attachment":[{"href":"https:\/\/tea-shop.md\/ro\/wp-json\/wp\/v2\/media?parent=14770"}],"wp:term":[{"taxonomy":"product_brand","embeddable":true,"href":"https:\/\/tea-shop.md\/ro\/wp-json\/wp\/v2\/product_brand?post=14770"},{"taxonomy":"product_cat","embeddable":true,"href":"https:\/\/tea-shop.md\/ro\/wp-json\/wp\/v2\/product_cat?post=14770"},{"taxonomy":"product_tag","embeddable":true,"href":"https:\/\/tea-shop.md\/ro\/wp-json\/wp\/v2\/product_tag?post=14770"}],"curies":[{"name":"wp","href":"https:\/\/api.w.org\/{rel}","templated":true}]}}