{"id":14801,"date":"2025-12-09T19:45:29","date_gmt":"2025-12-09T17:45:29","guid":{"rendered":"https:\/\/tea-shop.md\/product\/albastru-mat\/"},"modified":"2026-04-11T22:43:21","modified_gmt":"2026-04-11T19:43:21","slug":"albastru-mat","status":"publish","type":"product","link":"https:\/\/tea-shop.md\/ro\/produs\/albastru-mat\/","title":{"rendered":"Albastru matcha"},"content":{"rendered":"<p>Albastru matcha este o b\u0103utur\u0103 sub form\u0103 de pulbere care se ob\u021bine din flori uscate \u0219i zdrobite de Clitoris trifoliata (maz\u0103re de molie, hamsie). Spre deosebire de matcha verde, care este f\u0103cut\u0103 din frunze de ceai, Matcha albastr\u0103 nu con\u021bine cofein\u0103 \u0219i are un gust mai bl\u00e2nd, u\u0219or floral. <\/p>\n<p><strong>Propriet\u0103\u021bi utile<\/strong><\/p>\n<p>Matcha albastr\u0103 este bogat\u0103 \u00een antioxidan\u021bi, vitamine (C, D, B, K, E) \u0219i minerale (mangan, fier, fosfor, potasiu, magneziu). Unele presupuse efecte benefice: <\/p>\n<ul data-depth=\"false\">\n<li data-value=\"\" data-shift=\"0\">\u00cembun\u0103t\u0103\u021bi\u021bi starea de spirit \u0219i reduce\u021bi stresul. B\u0103utura poate avea un efect calmant, poate ajuta la oboseala cronic\u0103 \u0219i poate \u00eembun\u0103t\u0103\u021bi calitatea somnului. <\/li>\n<li data-value=\"\" data-shift=\"0\">Suport digestiv. Taninurile din compozi\u021bie pot facilita digestia \u0219i pot avea un efect de detoxifiere. <\/li>\n<li data-value=\"\" data-shift=\"0\">Consolidarea imunit\u0103\u021bii \u0219i a vaselor de s\u00e2nge. Vitaminele \u0219i mineralele ajut\u0103 la cre\u0219terea rezisten\u021bei organismului \u0219i la \u00eent\u0103rirea sistemului vascular. <\/li>\n<li data-value=\"\" data-shift=\"0\">Efect pozitiv asupra pielii. Antioxidan\u021bii \u0219i vitaminele pot promova produc\u021bia de colagen \u0219i elastin\u0103, \u00eembun\u0103t\u0103\u021bind elasticitatea pielii. <\/li>\n<li data-value=\"\" data-shift=\"0\">Stabilizarea circula\u021biei s\u00e2ngelui \u0219i \u00eembun\u0103t\u0103\u021birea memoriei. Unele surse men\u021bioneaz\u0103 aceste propriet\u0103\u021bi ale b\u0103uturii. <\/li>\n<\/ul>\n<p>Cu toate acestea, merit\u0103 s\u0103 ne amintim c\u0103 studiile \u0219tiin\u021bifice care confirm\u0103 toate aceste efecte pot fi limitate, iar beneficiile b\u0103uturii depind de caracteristicile individuale ale corpului.<\/p>\n<p><strong>Cum se prepar\u0103<\/strong><\/p>\n<p>Matcha albastr\u0103 poate fi preparat\u0103 cu ap\u0103 sau lapte.<\/p>\n<p>Pe ap\u0103:<\/p>\n<ol>\n<li data-value=\"1.\" data-shift=\"1\">Se toarn\u0103 1 linguri\u021b\u0103 de pulbere \u00eentr-un pahar uscat sau o cea\u0219c\u0103 de por\u021belan (pre\u00eenc\u0103lzi\u021bi vasele cu ap\u0103 clocotit\u0103 pentru a dezv\u0103lui mai bine aroma).<\/li>\n<li data-value=\"2.\" data-shift=\"1\">Ad\u0103uga\u021bi aproximativ o can\u0103 de ap\u0103 fiart\u0103 fierbinte (temperatura este de aproximativ 90 de C, dar nu ap\u0103 clocotit\u0103).<\/li>\n<li data-value=\"3.\" data-shift=\"1\">Se amestec\u0103 energic cu un tel p\u00e2n\u0103 c\u00e2nd pulberea se dizolv\u0103 complet \u0219i apare o spum\u0103 mic\u0103.<\/li>\n<li data-value=\"4.\" data-shift=\"1\">Ad\u0103uga\u021bi restul de jum\u0103tate de can\u0103 de ap\u0103 fierbinte \u0219i amesteca\u021bi din nou.<\/li>\n<\/ol>\n<p>Pe lapte (latte):<\/p>\n<ol>\n<li data-value=\"1.\" data-shift=\"1\">\u00cenc\u0103lzi\u021bi 1 can\u0103 de lapte (obi\u0219nuit sau alternativ, de exemplu, nuc\u0103 de cocos, migdale) aproape la fierbere, dar nu-l aduce\u021bi la fierbere.<\/li>\n<li data-value=\"2.\" data-shift=\"1\">Bate\u021bi laptele cu un mixer p\u00e2n\u0103 se formeaz\u0103 spum\u0103.<\/li>\n<li data-value=\"3.\" data-shift=\"1\">Ad\u0103uga\u021bi 1 linguri\u021b\u0103. albastru matcha, op\u021bional-1 linguri\u021b\u0103. miere sau sirop de ar\u021bar, linguri\u021b\u0103. scor\u021bi\u0219oar\u0103, un v\u00e2rf de nuc\u0219oar\u0103.<\/li>\n<li data-value=\"4.\" data-shift=\"1\">Bate\u021bi din nou toate ingredientele p\u00e2n\u0103 se spumeaz\u0103.<\/li>\n<\/ol>\n<p>Recomand\u0103ri:<\/p>\n<ul data-depth=\"false\">\n<li data-value=\"\" data-shift=\"0\">Dac\u0103 ad\u0103uga\u021bi pu\u021bin suc de l\u0103m\u00e2ie b\u0103uturii, culoarea se va schimba \u00een violet.<\/li>\n<li data-value=\"\" data-shift=\"0\">Este mai bine s\u0103 be\u021bi ceai imediat dup\u0103 preparare, \u00eenainte ca pulberea s\u0103 se a\u0219eze pe fund.<\/li>\n<li data-value=\"\" data-shift=\"0\">Pentru un gust mai bogat, pute\u021bi cre\u0219te cantitatea de pulbere, dar re\u021bine\u021bi c\u0103 gustul matcha albastru este slab.<\/li>\n<\/ul>\n<p><strong>Nuan\u021be importante<\/strong><\/p>\n<ul data-depth=\"false\">\n<li data-value=\"\" data-shift=\"0\">Blue matcha nu este recomandat pentru sarcin\u0103, al\u0103ptare \u0219i intoleran\u021b\u0103 individual\u0103.<\/li>\n<li data-value=\"\" data-shift=\"0\">Datorit\u0103 efectului s\u0103u lini\u0219titor, este mai bine s\u0103 be\u021bi dup\u0103-amiaza sau cu 2 ore \u00eenainte de culcare.<\/li>\n<li data-value=\"\" data-shift=\"0\">La g\u0103tit, matcha albastr\u0103 poate fi folosit\u0103 ca agent de colorare natural pentru produse de patiserie, creme, smoothie-uri \u0219i alte feluri de m\u00e2ncare.<\/li>\n<\/ul>\n","protected":false},"excerpt":{"rendered":"<p>Albastru matcha este o b\u0103utur\u0103 sub form\u0103 de pulbere care se ob\u021bine din flori uscate \u0219i zdrobite de Clitoris trifoliata<\/p>\n","protected":false},"featured_media":15128,"comment_status":"open","ping_status":"closed","template":"","meta":[],"product_brand":[],"product_cat":[342],"product_tag":[],"class_list":{"0":"post-14801","1":"product","2":"type-product","3":"status-publish","4":"has-post-thumbnail","6":"product_cat-superfud","8":"first","9":"instock","10":"shipping-taxable","11":"purchasable","12":"product-type-variable","13":"has-default-attributes"},"_links":{"self":[{"href":"https:\/\/tea-shop.md\/ro\/wp-json\/wp\/v2\/product\/14801","targetHints":{"allow":["GET"]}}],"collection":[{"href":"https:\/\/tea-shop.md\/ro\/wp-json\/wp\/v2\/product"}],"about":[{"href":"https:\/\/tea-shop.md\/ro\/wp-json\/wp\/v2\/types\/product"}],"replies":[{"embeddable":true,"href":"https:\/\/tea-shop.md\/ro\/wp-json\/wp\/v2\/comments?post=14801"}],"version-history":[{"count":1,"href":"https:\/\/tea-shop.md\/ro\/wp-json\/wp\/v2\/product\/14801\/revisions"}],"predecessor-version":[{"id":15141,"href":"https:\/\/tea-shop.md\/ro\/wp-json\/wp\/v2\/product\/14801\/revisions\/15141"}],"wp:featuredmedia":[{"embeddable":true,"href":"https:\/\/tea-shop.md\/ro\/wp-json\/wp\/v2\/media\/15128"}],"wp:attachment":[{"href":"https:\/\/tea-shop.md\/ro\/wp-json\/wp\/v2\/media?parent=14801"}],"wp:term":[{"taxonomy":"product_brand","embeddable":true,"href":"https:\/\/tea-shop.md\/ro\/wp-json\/wp\/v2\/product_brand?post=14801"},{"taxonomy":"product_cat","embeddable":true,"href":"https:\/\/tea-shop.md\/ro\/wp-json\/wp\/v2\/product_cat?post=14801"},{"taxonomy":"product_tag","embeddable":true,"href":"https:\/\/tea-shop.md\/ro\/wp-json\/wp\/v2\/product_tag?post=14801"}],"curies":[{"name":"wp","href":"https:\/\/api.w.org\/{rel}","templated":true}]}}