{"id":14805,"date":"2025-12-09T19:45:30","date_gmt":"2025-12-09T17:45:30","guid":{"rendered":"https:\/\/tea-shop.md\/product\/matcha-capsuni\/"},"modified":"2026-04-11T22:52:19","modified_gmt":"2026-04-11T19:52:19","slug":"matcha-capsuni","status":"publish","type":"product","link":"https:\/\/tea-shop.md\/ro\/produs\/matcha-capsuni\/","title":{"rendered":"Matcha c\u0103p\u0219uni"},"content":{"rendered":"<p>C\u0103p\u0219una Matcha este un monocai de fructe sub form\u0103 de pulbere, cu o arom\u0103 \u0219i arom\u0103 pronun\u021bate de c\u0103p\u0219uni. Spre deosebire de clasicul matcha verde, nu con\u021bine frunze de Camellia sinensis \u0219i cofein\u0103. B\u0103utura se bazeaz\u0103 pe ingrediente naturale din fructe \u2014 c\u0103p\u0219uni uscate \u0219i zdrobite sau arome naturale.  <\/p>\n<p><strong>Propriet\u0103\u021bi utile<\/strong><\/p>\n<p>Datorit\u0103 bazei de c\u0103p\u0219uni, b\u0103utura poate avea urm\u0103toarele propriet\u0103\u021bi benefice:<\/p>\n<ul>\n<li>Surs\u0103 bogat\u0103 de antioxidan\u021bi-ajut\u0103 la combaterea radicalilor liberi \u0219i \u00eencetine\u0219te procesul de \u00eemb\u0103tr\u00e2nire.<\/li>\n<li>Vitamina C-\u00eent\u0103re\u0219te sistemul imunitar, promoveaz\u0103 produc\u021bia de colagen \u0219i sus\u021bine s\u0103n\u0103tatea pielii.<\/li>\n<li>Vitaminele B-sus\u021bin func\u021bionarea sistemului nervos \u0219i metabolismul energetic.<\/li>\n<li>Potasiul \u0219i magneziul contribuie la func\u021bionarea normal\u0103 a sistemului cardiovascular.<\/li>\n<li>Fibre-\u00eembun\u0103t\u0103\u021be\u0219te digestia.<\/li>\n<li>Efect calmant u\u0219or-absen\u021ba cofeinei v\u0103 permite s\u0103 be\u021bi o b\u0103utur\u0103 seara f\u0103r\u0103 riscul de a deranja somnul.<\/li>\n<li>Sc\u0103zut de calorii-potrivit pentru alimenta\u021bia dietetic\u0103 \u0219i controlul greut\u0103\u021bii.<\/li>\n<\/ul>\n<p>Metoda de g\u0103tit:<\/p>\n<ol>\n<li data-value=\"1.\" data-shift=\"1\">Se toarn\u0103 pulberea \u00een cea\u0219c\u0103\n<ul>\n<li>pentru un gust u\u0219or: 1 linguri\u021b\u0103 (2 g);<\/li>\n<li>pentru un gust bogat: 2 linguri\u021be (4 g).<\/li>\n<\/ul>\n<\/li>\n<li data-value=\"3.\" data-shift=\"1\">Dilua\u021bi pulberea:\n<ul>\n<li>Se toarn\u0103 50-60 ml de ap\u0103 fierbinte \u00eentr-o cea\u0219c\u0103 de pulbere (temperatura optim\u0103 este de 70-80 C).<\/li>\n<li>Bate\u021bi energic cu un bici (sau agita\u021bi \u00eentr-un agitator) p\u00e2n\u0103 se omogenizeaz\u0103 \u0219i apare o spum\u0103 u\u0219oar\u0103 (10-15 secunde).<\/li>\n<\/ul>\n<\/li>\n<li data-value=\"5.\" data-shift=\"1\">Completa\u021bi cu ap\u0103 sau lapte:\n<ul>\n<li>pentru o b\u0103utur\u0103 fierbinte: ad\u0103uga\u021bi \u00eenc\u0103 100-150 ml de ap\u0103 fierbinte, amesteca\u021bi;<\/li>\n<li>pentru latte: \u00een loc de ap\u0103, ad\u0103uga\u021bi lapte \u00eenc\u0103lzit \u0219i spumat (obi\u0219nuit, nuc\u0103 de cocos, migdale etc.), amesteca\u021bi.<\/li>\n<\/ul>\n<\/li>\n<li data-value=\"6.\" data-shift=\"1\">Refrigera\u021bi pentru versiunea ice (op\u021bional):\n<ul>\n<li>r\u0103ci\u021bi b\u0103utura fierbinte finit\u0103 la temperatura camerei;<\/li>\n<li>se toarn\u0103 \u00eentr-un pahar cu ghea\u021b\u0103 (3-4 cuburi).<\/li>\n<\/ul>\n<\/li>\n<li data-value=\"7.\" data-shift=\"1\">Dac\u0103 dori\u021bi, \u00eendulci\u021bi cu miere, sirop de agave, sirop de ar\u021bar sau zah\u0103r. Ad\u0103uga\u021bi la gust, \u021bin\u00e2nd cont de dulcea\u021ba natural\u0103 a mango. <\/li>\n<li data-value=\"8.\" data-shift=\"1\">Servi\u021bi imediat. Pulberea de fructe se poate depune, deci este mai bine s\u0103 be\u021bi b\u0103utura proasp\u0103t\u0103. <\/li>\n<\/ol>\n","protected":false},"excerpt":{"rendered":"<p>C\u0103p\u0219una Matcha este un monocai de fructe sub form\u0103 de pulbere, cu o arom\u0103 \u0219i arom\u0103 pronun\u021bate de c\u0103p\u0219uni. Spre<\/p>\n","protected":false},"featured_media":15130,"comment_status":"open","ping_status":"closed","template":"","meta":[],"product_brand":[],"product_cat":[342],"product_tag":[],"class_list":{"0":"post-14805","1":"product","2":"type-product","3":"status-publish","4":"has-post-thumbnail","6":"product_cat-superfud","8":"first","9":"instock","10":"shipping-taxable","11":"purchasable","12":"product-type-variable","13":"has-default-attributes"},"_links":{"self":[{"href":"https:\/\/tea-shop.md\/ro\/wp-json\/wp\/v2\/product\/14805","targetHints":{"allow":["GET"]}}],"collection":[{"href":"https:\/\/tea-shop.md\/ro\/wp-json\/wp\/v2\/product"}],"about":[{"href":"https:\/\/tea-shop.md\/ro\/wp-json\/wp\/v2\/types\/product"}],"replies":[{"embeddable":true,"href":"https:\/\/tea-shop.md\/ro\/wp-json\/wp\/v2\/comments?post=14805"}],"version-history":[{"count":1,"href":"https:\/\/tea-shop.md\/ro\/wp-json\/wp\/v2\/product\/14805\/revisions"}],"predecessor-version":[{"id":15144,"href":"https:\/\/tea-shop.md\/ro\/wp-json\/wp\/v2\/product\/14805\/revisions\/15144"}],"wp:featuredmedia":[{"embeddable":true,"href":"https:\/\/tea-shop.md\/ro\/wp-json\/wp\/v2\/media\/15130"}],"wp:attachment":[{"href":"https:\/\/tea-shop.md\/ro\/wp-json\/wp\/v2\/media?parent=14805"}],"wp:term":[{"taxonomy":"product_brand","embeddable":true,"href":"https:\/\/tea-shop.md\/ro\/wp-json\/wp\/v2\/product_brand?post=14805"},{"taxonomy":"product_cat","embeddable":true,"href":"https:\/\/tea-shop.md\/ro\/wp-json\/wp\/v2\/product_cat?post=14805"},{"taxonomy":"product_tag","embeddable":true,"href":"https:\/\/tea-shop.md\/ro\/wp-json\/wp\/v2\/product_tag?post=14805"}],"curies":[{"name":"wp","href":"https:\/\/api.w.org\/{rel}","templated":true}]}}