{"id":14809,"date":"2025-12-09T19:45:30","date_gmt":"2025-12-09T17:45:30","guid":{"rendered":"https:\/\/tea-shop.md\/product\/mangga-mango\/"},"modified":"2026-04-11T22:20:58","modified_gmt":"2026-04-11T19:20:58","slug":"mangga-mango","status":"publish","type":"product","link":"https:\/\/tea-shop.md\/ro\/produs\/mangga-mango\/","title":{"rendered":"Mango Matcha"},"content":{"rendered":"<p><span dir=\"auto\">Matcha de Mango galben este o pulbere natural\u0103 ob\u021binut\u0103 din fructe de mango necoapte, p\u0103str\u00e2nd toate propriet\u0103\u021bile benefice \u0219i gustul acestui fruct. Pudra de Mango este excelent\u0103 pentru prepararea diferitelor b\u0103uturi, deserturi, smoothie-uri \u0219i \u00eenghe\u021bat\u0103, oferindu-le un gust unic \u0219i o culoare str\u0103lucitoare. <\/span><\/p>\n<p><span dir=\"auto\">Ceaiul are un gust pl\u0103cut, u\u0219or acru \u0219i este o surs\u0103 excelent\u0103 de vitamine \u0219i minerale. Datorit\u0103 con\u021binutului ridicat de fibre, aceast\u0103 pulbere ajut\u0103 la \u00eembun\u0103t\u0103\u021birea digestiei, precum \u0219i sus\u021bine sistemul imunitar \u0219i stimuleaz\u0103 produc\u021bia de colagen, care este benefic pentru s\u0103n\u0103tatea pielii. <\/span><\/p>\n<p><span dir=\"auto\">Propriet\u0103\u021bi utile:<\/span><\/p>\n<ul>\n<li><span dir=\"auto\">\u00cembun\u0103t\u0103\u021be\u0219te digestia datorit\u0103 con\u021binutului ridicat de fibre.<\/span><\/li>\n<li><span dir=\"auto\">Stimuleaz\u0103 produc\u021bia de colagen, care promoveaz\u0103 s\u0103n\u0103tatea pielii.<\/span><\/li>\n<li><span dir=\"auto\">Activeaz\u0103 circula\u021bia s\u00e2ngelui \u0219i sus\u021bine organele respiratorii.<\/span><\/li>\n<li><span dir=\"auto\">Ajut\u0103 la eliminarea toxinelor \u0219i la \u00eembun\u0103t\u0103\u021birea func\u021biei hepatice.<\/span><\/li>\n<li><span dir=\"auto\">Con\u021bine vitaminele A, B, C, precum \u0219i fier \u0219i fosfor.<\/span><\/li>\n<li><span dir=\"auto\">Sprijin\u0103 lacta\u021bia la femeile care al\u0103pteaz\u0103 (consulta\u021bi mai \u00eent\u00e2i medicul).<\/span><\/li>\n<\/ul>\n<p>Metoda de g\u0103tit:<\/p>\n<ol>\n<li data-value=\"1.\" data-shift=\"1\">Se toarn\u0103 pulberea \u00een cea\u0219c\u0103\n<ul>\n<li>pentru un gust u\u0219or: 1 linguri\u021b\u0103 (2 g);<\/li>\n<li>pentru un gust bogat: 2 linguri\u021be (4 g).<\/li>\n<\/ul>\n<\/li>\n<li data-value=\"3.\" data-shift=\"1\">Dilua\u021bi pulberea:\n<ul>\n<li>Se toarn\u0103 50-60 ml de ap\u0103 fierbinte \u00eentr-o cea\u0219c\u0103 de pulbere (temperatura optim\u0103 este de 70-80 C).<\/li>\n<li>Bate\u021bi energic cu un bici (sau agita\u021bi \u00eentr-un agitator) p\u00e2n\u0103 se omogenizeaz\u0103 \u0219i apare o spum\u0103 u\u0219oar\u0103 (10-15 secunde).<\/li>\n<\/ul>\n<\/li>\n<li data-value=\"5.\" data-shift=\"1\">\u0414\u043e\u043b\u0435\u0439\u0442\u0435 \u0432\u043e\u0434\u0443 \u0438\u043b\u0438 \u043c\u043e\u043b\u043e\u043a\u043e:\n<ul>\n<li>pentru o b\u0103utur\u0103 fierbinte: ad\u0103uga\u021bi \u00eenc\u0103 100-150 ml de ap\u0103 fierbinte, amesteca\u021bi;<\/li>\n<li>pentru latte: \u00een loc de ap\u0103, ad\u0103uga\u021bi lapte \u00eenc\u0103lzit \u0219i spumat (obi\u0219nuit, nuc\u0103 de cocos, migdale etc.), amesteca\u021bi.<\/li>\n<\/ul>\n<\/li>\n<li data-value=\"6.\" data-shift=\"1\">Refrigera\u021bi pentru versiunea ice (op\u021bional):\n<ul>\n<li>r\u0103ci\u021bi b\u0103utura fierbinte finit\u0103 la temperatura camerei;<\/li>\n<li>se toarn\u0103 \u00eentr-un pahar cu ghea\u021b\u0103 (3-4 cuburi).<\/li>\n<\/ul>\n<\/li>\n<li data-value=\"7.\" data-shift=\"1\">Dac\u0103 dori\u021bi, \u00eendulci\u021bi cu miere, sirop de agave, sirop de ar\u021bar sau zah\u0103r. Ad\u0103uga\u021bi la gust, \u021bin\u00e2nd cont de dulcea\u021ba natural\u0103 a mango. <\/li>\n<li data-value=\"8.\" data-shift=\"1\">Servi\u021bi imediat. Pulberea de fructe se poate depune, deci este mai bine s\u0103 be\u021bi b\u0103utura proasp\u0103t\u0103. <\/li>\n<\/ol>\n<p>&nbsp;<\/p>\n","protected":false},"excerpt":{"rendered":"<p>Matcha de Mango galben este o pulbere natural\u0103 ob\u021binut\u0103 din fructe de mango necoapte, p\u0103str\u00e2nd toate propriet\u0103\u021bile benefice \u0219i gustul<\/p>\n","protected":false},"featured_media":15129,"comment_status":"open","ping_status":"closed","template":"","meta":[],"product_brand":[],"product_cat":[342],"product_tag":[],"class_list":{"0":"post-14809","1":"product","2":"type-product","3":"status-publish","4":"has-post-thumbnail","6":"product_cat-superfud","8":"first","9":"instock","10":"shipping-taxable","11":"purchasable","12":"product-type-variable","13":"has-default-attributes"},"_links":{"self":[{"href":"https:\/\/tea-shop.md\/ro\/wp-json\/wp\/v2\/product\/14809","targetHints":{"allow":["GET"]}}],"collection":[{"href":"https:\/\/tea-shop.md\/ro\/wp-json\/wp\/v2\/product"}],"about":[{"href":"https:\/\/tea-shop.md\/ro\/wp-json\/wp\/v2\/types\/product"}],"replies":[{"embeddable":true,"href":"https:\/\/tea-shop.md\/ro\/wp-json\/wp\/v2\/comments?post=14809"}],"version-history":[{"count":1,"href":"https:\/\/tea-shop.md\/ro\/wp-json\/wp\/v2\/product\/14809\/revisions"}],"predecessor-version":[{"id":15136,"href":"https:\/\/tea-shop.md\/ro\/wp-json\/wp\/v2\/product\/14809\/revisions\/15136"}],"wp:featuredmedia":[{"embeddable":true,"href":"https:\/\/tea-shop.md\/ro\/wp-json\/wp\/v2\/media\/15129"}],"wp:attachment":[{"href":"https:\/\/tea-shop.md\/ro\/wp-json\/wp\/v2\/media?parent=14809"}],"wp:term":[{"taxonomy":"product_brand","embeddable":true,"href":"https:\/\/tea-shop.md\/ro\/wp-json\/wp\/v2\/product_brand?post=14809"},{"taxonomy":"product_cat","embeddable":true,"href":"https:\/\/tea-shop.md\/ro\/wp-json\/wp\/v2\/product_cat?post=14809"},{"taxonomy":"product_tag","embeddable":true,"href":"https:\/\/tea-shop.md\/ro\/wp-json\/wp\/v2\/product_tag?post=14809"}],"curies":[{"name":"wp","href":"https:\/\/api.w.org\/{rel}","templated":true}]}}