{"id":14813,"date":"2025-12-09T19:45:31","date_gmt":"2025-12-09T17:45:31","guid":{"rendered":"https:\/\/tea-shop.md\/product\/verde-matcha\/"},"modified":"2026-04-11T22:04:55","modified_gmt":"2026-04-11T19:04:55","slug":"verde-matcha","status":"publish","type":"product","link":"https:\/\/tea-shop.md\/ro\/produs\/verde-matcha\/","title":{"rendered":"Verde matcha"},"content":{"rendered":"<p>Green matcha este un ceai verde japonez sub form\u0103 de pulbere care se ob\u021bine din frunzele zdrobite ale tufei de ceai Camellia sinensis. Spre deosebire de ceaiul obi\u0219nuit, aici se folose\u0219te \u00eentreaga frunz\u0103, nu infuzia, care cre\u0219te concentra\u021bia de substan\u021be active. B\u0103utura este cunoscut\u0103 pentru gustul bogat, con\u021binutul ridicat de antioxidan\u021bi \u0219i cofeina.  <\/p>\n<p>Matcha verde este bogat \u00een antioxidan\u021bi, \u00een special catechine, care ajut\u0103 la combaterea radicalilor liberi, \u00eencetinind \u00eemb\u0103tr\u00e2nirea \u0219i \u00eembun\u0103t\u0103\u021bind s\u0103n\u0103tatea general\u0103. O cea\u0219c\u0103 de b\u0103utur\u0103 con\u021bine de 3 ori mai mul\u021bi antioxidan\u021bi dec\u00e2t ceaiul verde obi\u0219nuit. <\/p>\n<p>Alte avantaje:<\/p>\n<ul data-depth=\"false\">\n<li data-value=\"\" data-shift=\"0\">Stimularea func\u021biilor cognitive. Combina\u021bia dintre cofein\u0103 \u0219i aminoacidul L-teanin\u0103 \u00eembun\u0103t\u0103\u021be\u0219te aten\u021bia \u0219i concentrarea, provoc\u00e2nd \u00een acela\u0219i timp mai pu\u021bin\u0103 nervozitate dec\u00e2t cofeina singur\u0103. <\/li>\n<li data-value=\"\" data-shift=\"0\">Accelerarea metabolismului. Cofeina cre\u0219te temporar rata metabolic\u0103 \u0219i cre\u0219te consumul de energie. <\/li>\n<li data-value=\"\" data-shift=\"0\">Propriet\u0103\u021bi detoxifiante. Catechinele promoveaz\u0103 eliminarea toxinelor din organism, ajut\u00e2nd ficatul s\u0103 purifice eficient s\u00e2ngele. <\/li>\n<\/ul>\n<p>Cum se prepar\u0103:<\/p>\n<ol>\n<li data-value=\"1.\" data-shift=\"1\">Se toarn\u0103 1-2 grame de matcha \u00eentr-o cea\u0219c\u0103.<\/li>\n<li data-value=\"2.\" data-shift=\"1\"><span class=\"Markdown-Word\">Se adaug\u0103 <\/span><span class=\"katex\"><span class=\"katex-html\" aria-hidden=\"true\"><span class=\"base\"><span class=\"mord\">50\u201370<\/span><\/span><\/span><\/span><span class=\"Markdown-Word\"> ml<\/span><span class=\"Markdown-Word\"> ap\u0103 <\/span><span class=\"katex\"><span class=\"katex-html\" aria-hidden=\"true\"><span class=\"base\"><span class=\"mord\">70\u201380<\/span><span class=\"mord\"><span class=\"mspace\"> <\/span><span class=\"msupsub\"><span class=\"vlist-t\"><span class=\"vlist-r\"><span class=\"vlist\"><span class=\"sizing reset-size6 size3 mtight\"><span class=\"mbin mtight\">\u2218<\/span><\/span><\/span><\/span><\/span><\/span><\/span><span class=\"mord text\"><span class=\"mord\">C.<\/span><\/span><\/span><\/span><\/span><span class=\"Markdown-Word\">.<\/span><\/li>\n<li data-value=\"3.\" data-shift=\"1\">Amesteca\u021bi intens, \u00eencerc\u00e2nd s\u0103 crea\u021bi spum\u0103: face\u021bi mi\u0219c\u0103ri circulare rapide sau &#8222;figura opt&#8221;.<\/li>\n<li data-value=\"4.\" data-shift=\"1\">Ad\u0103uga\u021bi treptat mai mult\u0103 ap\u0103\/ lapte la 200 ml, continu\u00e2nd s\u0103 amesteca\u021bi.<\/li>\n<\/ol>\n","protected":false},"excerpt":{"rendered":"<p>Green matcha este un ceai verde japonez sub form\u0103 de pulbere care se ob\u021bine din frunzele zdrobite ale tufei de<\/p>\n","protected":false},"featured_media":15124,"comment_status":"open","ping_status":"closed","template":"","meta":[],"product_brand":[],"product_cat":[342],"product_tag":[],"class_list":{"0":"post-14813","1":"product","2":"type-product","3":"status-publish","4":"has-post-thumbnail","6":"product_cat-superfud","8":"first","9":"instock","10":"shipping-taxable","11":"purchasable","12":"product-type-variable","13":"has-default-attributes"},"_links":{"self":[{"href":"https:\/\/tea-shop.md\/ro\/wp-json\/wp\/v2\/product\/14813","targetHints":{"allow":["GET"]}}],"collection":[{"href":"https:\/\/tea-shop.md\/ro\/wp-json\/wp\/v2\/product"}],"about":[{"href":"https:\/\/tea-shop.md\/ro\/wp-json\/wp\/v2\/types\/product"}],"replies":[{"embeddable":true,"href":"https:\/\/tea-shop.md\/ro\/wp-json\/wp\/v2\/comments?post=14813"}],"version-history":[{"count":2,"href":"https:\/\/tea-shop.md\/ro\/wp-json\/wp\/v2\/product\/14813\/revisions"}],"predecessor-version":[{"id":15133,"href":"https:\/\/tea-shop.md\/ro\/wp-json\/wp\/v2\/product\/14813\/revisions\/15133"}],"wp:featuredmedia":[{"embeddable":true,"href":"https:\/\/tea-shop.md\/ro\/wp-json\/wp\/v2\/media\/15124"}],"wp:attachment":[{"href":"https:\/\/tea-shop.md\/ro\/wp-json\/wp\/v2\/media?parent=14813"}],"wp:term":[{"taxonomy":"product_brand","embeddable":true,"href":"https:\/\/tea-shop.md\/ro\/wp-json\/wp\/v2\/product_brand?post=14813"},{"taxonomy":"product_cat","embeddable":true,"href":"https:\/\/tea-shop.md\/ro\/wp-json\/wp\/v2\/product_cat?post=14813"},{"taxonomy":"product_tag","embeddable":true,"href":"https:\/\/tea-shop.md\/ro\/wp-json\/wp\/v2\/product_tag?post=14813"}],"curies":[{"name":"wp","href":"https:\/\/api.w.org\/{rel}","templated":true}]}}