{"id":14912,"date":"2025-12-09T23:11:04","date_gmt":"2025-12-09T21:11:04","guid":{"rendered":"https:\/\/tea-shop.md\/product\/ceai-de-hrisca-ku-qiao-neprajit\/"},"modified":"2025-12-09T23:11:04","modified_gmt":"2025-12-09T21:11:04","slug":"ceai-de-hrisca-ku-qiao-neprajit","status":"publish","type":"product","link":"https:\/\/tea-shop.md\/ro\/produs\/ceai-de-hrisca-ku-qiao-neprajit\/","title":{"rendered":"Ceai de hri\u0219c\u0103 Ku Qiao (nepr\u0103jit)"},"content":{"rendered":"<p>Ku Qiao \u2013 o b\u0103utur\u0103 tradi\u021bional\u0103 preparat\u0103 din semin\u021be de hri\u0219c\u0103 t\u0103tar\u0103 (Fagopyrum tataricum), care \u00een China se consum\u0103 ca un ceai obi\u0219nuit. Con\u021bine rutin\u0103, vitaminele B2 \u0219i PP, E (alfa-tocoferol), precum \u0219i magneziu \u0219i potasiu, extrem de benefice pentru inim\u0103 \u0219i sistemul nervos.<br \/>\nB\u0103utura are un gust intens, cu note de biscui\u021bi cu ov\u0103z, miere \u0219i nuci. Culoarea este galben str\u0103lucitor, transparent\u0103.<br \/>\nGustul original al ceaiului confer\u0103 prospe\u021bime \u0219i revigorare. Un elixir natural pentru cei care duc un stil de via\u021b\u0103 activ \u0219i s\u0103n\u0103tos. Stimuleaz\u0103 energia Qi. Ceai pentru fitness.   <\/p>\n<p>Se toarn\u0103 1 linguri\u021b\u0103 de frunze de ceai \u00een ceainic. Se toarn\u0103 250 ml de ap\u0103 cald\u0103 95cc, insist\u0103 timp de 3-5 minute pentru a ob\u021bine o b\u0103utur\u0103 cu un gust delicat. <\/p>\n","protected":false},"excerpt":{"rendered":"<p>Ku Qiao \u2013 o b\u0103utur\u0103 tradi\u021bional\u0103 preparat\u0103 din semin\u021be de hri\u0219c\u0103 t\u0103tar\u0103 (Fagopyrum tataricum), care \u00een China se consum\u0103 ca<\/p>\n","protected":false},"featured_media":11832,"comment_status":"open","ping_status":"closed","template":"","meta":[],"product_brand":[],"product_cat":[342],"product_tag":[],"class_list":{"0":"post-14912","1":"product","2":"type-product","3":"status-publish","4":"has-post-thumbnail","6":"product_cat-superfud","8":"first","9":"instock","10":"shipping-taxable","11":"purchasable","12":"product-type-variable","13":"has-default-attributes"},"_links":{"self":[{"href":"https:\/\/tea-shop.md\/ro\/wp-json\/wp\/v2\/product\/14912","targetHints":{"allow":["GET"]}}],"collection":[{"href":"https:\/\/tea-shop.md\/ro\/wp-json\/wp\/v2\/product"}],"about":[{"href":"https:\/\/tea-shop.md\/ro\/wp-json\/wp\/v2\/types\/product"}],"replies":[{"embeddable":true,"href":"https:\/\/tea-shop.md\/ro\/wp-json\/wp\/v2\/comments?post=14912"}],"version-history":[{"count":0,"href":"https:\/\/tea-shop.md\/ro\/wp-json\/wp\/v2\/product\/14912\/revisions"}],"wp:featuredmedia":[{"embeddable":true,"href":"https:\/\/tea-shop.md\/ro\/wp-json\/wp\/v2\/media\/11832"}],"wp:attachment":[{"href":"https:\/\/tea-shop.md\/ro\/wp-json\/wp\/v2\/media?parent=14912"}],"wp:term":[{"taxonomy":"product_brand","embeddable":true,"href":"https:\/\/tea-shop.md\/ro\/wp-json\/wp\/v2\/product_brand?post=14912"},{"taxonomy":"product_cat","embeddable":true,"href":"https:\/\/tea-shop.md\/ro\/wp-json\/wp\/v2\/product_cat?post=14912"},{"taxonomy":"product_tag","embeddable":true,"href":"https:\/\/tea-shop.md\/ro\/wp-json\/wp\/v2\/product_tag?post=14912"}],"curies":[{"name":"wp","href":"https:\/\/api.w.org\/{rel}","templated":true}]}}